{"id":1046,"date":"2024-12-02T18:40:41","date_gmt":"2024-12-02T17:40:41","guid":{"rendered":"https:\/\/adalidapicola.com\/?page_id=1046"},"modified":"2026-03-16T22:10:24","modified_gmt":"2026-03-16T21:10:24","slug":"nuestra-cosecha-a-tu-alcance","status":"publish","type":"page","link":"https:\/\/adalidapicola.com\/en\/nuestra-cosecha-a-tu-alcance\/","title":{"rendered":"Nuestra cosecha a tu alcance"},"content":{"rendered":"<div data-elementor-type=\"wp-page\" data-elementor-id=\"1046\" class=\"elementor elementor-1046\" data-elementor-post-type=\"page\">\n\t\t\t\t<div class=\"elementor-element elementor-element-ff23cbe e-flex e-con-boxed e-con e-parent\" data-id=\"ff23cbe\" data-element_type=\"container\">\n\t\t\t\t\t<div class=\"e-con-inner\">\n\t\t<div class=\"elementor-element elementor-element-68a70fe e-con-full e-flex e-con e-child\" data-id=\"68a70fe\" data-element_type=\"container\">\n\t\t\t\t<div class=\"elementor-element elementor-element-101ad3b elementor-widget elementor-widget-text-editor\" data-id=\"101ad3b\" data-element_type=\"widget\" data-widget_type=\"text-editor.default\">\n\t\t\t\t<div class=\"elementor-widget-container\">\n\t\t\t\t\t\t\t\t\t<h4>NUESTRO CAT\u00c1LOGO DE PRODUCTOS DE LA COLMENA<\/h4><p>Os presentamos el fruto de tanto esfuerzo y dedicaci\u00f3n.<\/p><p>Si quer\u00e9is comprobar la calidad de nuestras mieles o si quer\u00e9is quedar genial con un regalo especial os ofrecemos <span style=\"text-align: var(--text-align);\">varias alternativas.<\/span><\/p><p>Pod\u00e9is hacer vuestros pedidos o solucionar cualquier duda a trav\u00e9s de:<\/p><p><span style=\"color: var( --e-global-color-text ); font-family: var( --e-global-typography-text-font-family ), Sans-serif; text-align: var(--text-align); font-size: 1rem;\">M\u00f3vil o Whatsapp: 622 943 157<\/span><\/p><p>E-mail: adalidapicola@gmail.com<\/p>\t\t\t\t\t\t\t\t<\/div>\n\t\t\t\t<\/div>\n\t\t\t\t<\/div>\n\t\t<div class=\"elementor-element elementor-element-457f5fa e-con-full e-flex e-con e-child\" data-id=\"457f5fa\" data-element_type=\"container\">\n\t\t<div class=\"elementor-element elementor-element-59385ce e-flex e-con-boxed e-con e-child\" data-id=\"59385ce\" data-element_type=\"container\" data-settings=\"{&quot;background_background&quot;:&quot;classic&quot;}\">\n\t\t\t\t\t<div class=\"e-con-inner\">\n\t\t\t\t<div class=\"elementor-element elementor-element-c566a9b elementor-widget elementor-widget-button\" data-id=\"c566a9b\" data-element_type=\"widget\" data-widget_type=\"button.default\">\n\t\t\t\t<div class=\"elementor-widget-container\">\n\t\t\t\t\t\t\t\t\t<div class=\"elementor-button-wrapper\">\n\t\t\t\t\t<a class=\"elementor-button elementor-button-link elementor-size-sm\" href=\"https:\/\/adalidapicola.com\/wp-content\/uploads\/2026\/03\/Catalogo-2026-crema-2.pdf\" target=\"_blank\">\n\t\t\t\t\t\t<span class=\"elementor-button-content-wrapper\">\n\t\t\t\t\t\t\t\t\t<span class=\"elementor-button-text\">Ver Cat\u00e1logo de Productos de la Colmena<\/span>\n\t\t\t\t\t<\/span>\n\t\t\t\t\t<\/a>\n\t\t\t\t<\/div>\n\t\t\t\t\t\t\t\t<\/div>\n\t\t\t\t<\/div>\n\t\t\t\t\t<\/div>\n\t\t\t\t<\/div>\n\t\t\t\t<\/div>\n\t\t\t\t\t<\/div>\n\t\t\t\t<\/div>\n\t\t\t\t<\/div>","protected":false},"excerpt":{"rendered":"<p>NUESTRO CAT\u00c1LOGO DE PRODUCTOS DE LA COLMENA Os presentamos el fruto de tanto esfuerzo y dedicaci\u00f3n. Si quer\u00e9is comprobar la calidad de nuestras mieles o si quer\u00e9is quedar genial con un regalo especial os ofrecemos varias alternativas. Pod\u00e9is hacer vuestros pedidos o solucionar cualquier duda a trav\u00e9s de: M\u00f3vil o Whatsapp: 622 943 157 E-mail: [&hellip;]<\/p>","protected":false},"author":5,"featured_media":0,"parent":0,"menu_order":0,"comment_status":"closed","ping_status":"closed","template":"","meta":{"_monsterinsights_skip_tracking":false,"_monsterinsights_sitenote_active":false,"_monsterinsights_sitenote_note":"","_monsterinsights_sitenote_category":0,"footnotes":""},"class_list":["post-1046","page","type-page","status-publish","hentry"],"yoast_head":"<!-- This site is optimized with the Yoast SEO plugin v25.3.1 - https:\/\/yoast.com\/wordpress\/plugins\/seo\/ -->\n<title>Nuestra cosecha a tu alcance - Adalid Ap\u00edcola<\/title>\n<meta name=\"robots\" content=\"index, follow, max-snippet:-1, max-image-preview:large, max-video-preview:-1\" \/>\n<link rel=\"canonical\" href=\"https:\/\/adalidapicola.com\/en\/nuestra-cosecha-a-tu-alcance\/\" \/>\n<meta property=\"og:locale\" content=\"en_US\" \/>\n<meta property=\"og:type\" content=\"article\" \/>\n<meta property=\"og:title\" content=\"Nuestra cosecha a tu alcance - Adalid Ap\u00edcola\" \/>\n<meta property=\"og:description\" content=\"NUESTRO CAT\u00c1LOGO DE PRODUCTOS DE LA COLMENA Os presentamos el fruto de tanto esfuerzo y dedicaci\u00f3n. Si quer\u00e9is comprobar la calidad de nuestras mieles o si quer\u00e9is quedar genial con un regalo especial os ofrecemos varias alternativas. Pod\u00e9is hacer vuestros pedidos o solucionar cualquier duda a trav\u00e9s de: M\u00f3vil o Whatsapp: 622 943 157 E-mail: [&hellip;]\" \/>\n<meta property=\"og:url\" content=\"https:\/\/adalidapicola.com\/en\/nuestra-cosecha-a-tu-alcance\/\" \/>\n<meta property=\"og:site_name\" content=\"Adalid Ap\u00edcola\" \/>\n<meta property=\"article:modified_time\" content=\"2026-03-16T21:10:24+00:00\" \/>\n<meta name=\"twitter:card\" content=\"summary_large_image\" \/>\n<meta name=\"twitter:label1\" content=\"Est. reading time\" \/>\n\t<meta name=\"twitter:data1\" content=\"1 minute\" \/>\n<script type=\"application\/ld+json\" class=\"yoast-schema-graph\">{\"@context\":\"https:\/\/schema.org\",\"@graph\":[{\"@type\":\"WebPage\",\"@id\":\"https:\/\/adalidapicola.com\/nuestra-cosecha-a-tu-alcance\/\",\"url\":\"https:\/\/adalidapicola.com\/nuestra-cosecha-a-tu-alcance\/\",\"name\":\"Nuestra cosecha a tu alcance - Adalid Ap\u00edcola\",\"isPartOf\":{\"@id\":\"https:\/\/adalidapicola.com\/#website\"},\"datePublished\":\"2024-12-02T17:40:41+00:00\",\"dateModified\":\"2026-03-16T21:10:24+00:00\",\"breadcrumb\":{\"@id\":\"https:\/\/adalidapicola.com\/nuestra-cosecha-a-tu-alcance\/#breadcrumb\"},\"inLanguage\":\"en-US\",\"potentialAction\":[{\"@type\":\"ReadAction\",\"target\":[\"https:\/\/adalidapicola.com\/nuestra-cosecha-a-tu-alcance\/\"]}]},{\"@type\":\"BreadcrumbList\",\"@id\":\"https:\/\/adalidapicola.com\/nuestra-cosecha-a-tu-alcance\/#breadcrumb\",\"itemListElement\":[{\"@type\":\"ListItem\",\"position\":1,\"name\":\"Portada\",\"item\":\"https:\/\/adalidapicola.com\/\"},{\"@type\":\"ListItem\",\"position\":2,\"name\":\"Nuestra cosecha a tu alcance\"}]},{\"@type\":\"WebSite\",\"@id\":\"https:\/\/adalidapicola.com\/#website\",\"url\":\"https:\/\/adalidapicola.com\/\",\"name\":\"Adalid Ap\u00edcola\",\"description\":\"Apicultores de Guadalajara, divulgaci\u00f3n ap\u00edcola, venta de miel de calidad y enjambres de abejas. Api influencer\",\"publisher\":{\"@id\":\"https:\/\/adalidapicola.com\/#organization\"},\"potentialAction\":[{\"@type\":\"SearchAction\",\"target\":{\"@type\":\"EntryPoint\",\"urlTemplate\":\"https:\/\/adalidapicola.com\/?s={search_term_string}\"},\"query-input\":{\"@type\":\"PropertyValueSpecification\",\"valueRequired\":true,\"valueName\":\"search_term_string\"}}],\"inLanguage\":\"en-US\"},{\"@type\":\"Organization\",\"@id\":\"https:\/\/adalidapicola.com\/#organization\",\"name\":\"Adalid Ap\u00edcola\",\"url\":\"https:\/\/adalidapicola.com\/\",\"logo\":{\"@type\":\"ImageObject\",\"inLanguage\":\"en-US\",\"@id\":\"https:\/\/adalidapicola.com\/#\/schema\/logo\/image\/\",\"url\":\"https:\/\/adalidapicola.com\/wp-content\/uploads\/2024\/01\/logo-pequeno-web.png\",\"contentUrl\":\"https:\/\/adalidapicola.com\/wp-content\/uploads\/2024\/01\/logo-pequeno-web.png\",\"width\":366,\"height\":417,\"caption\":\"Adalid Ap\u00edcola\"},\"image\":{\"@id\":\"https:\/\/adalidapicola.com\/#\/schema\/logo\/image\/\"}}]}<\/script>\n<!-- \/ Yoast SEO plugin. -->","yoast_head_json":{"title":"Nuestra cosecha a tu alcance - Adalid Ap\u00edcola","robots":{"index":"index","follow":"follow","max-snippet":"max-snippet:-1","max-image-preview":"max-image-preview:large","max-video-preview":"max-video-preview:-1"},"canonical":"https:\/\/adalidapicola.com\/en\/nuestra-cosecha-a-tu-alcance\/","og_locale":"en_US","og_type":"article","og_title":"Nuestra cosecha a tu alcance - Adalid Ap\u00edcola","og_description":"NUESTRO CAT\u00c1LOGO DE PRODUCTOS DE LA COLMENA Os presentamos el fruto de tanto esfuerzo y dedicaci\u00f3n. Si quer\u00e9is comprobar la calidad de nuestras mieles o si quer\u00e9is quedar genial con un regalo especial os ofrecemos varias alternativas. Pod\u00e9is hacer vuestros pedidos o solucionar cualquier duda a trav\u00e9s de: M\u00f3vil o Whatsapp: 622 943 157 E-mail: [&hellip;]","og_url":"https:\/\/adalidapicola.com\/en\/nuestra-cosecha-a-tu-alcance\/","og_site_name":"Adalid Ap\u00edcola","article_modified_time":"2026-03-16T21:10:24+00:00","twitter_card":"summary_large_image","twitter_misc":{"Est. reading time":"1 minute"},"schema":{"@context":"https:\/\/schema.org","@graph":[{"@type":"WebPage","@id":"https:\/\/adalidapicola.com\/nuestra-cosecha-a-tu-alcance\/","url":"https:\/\/adalidapicola.com\/nuestra-cosecha-a-tu-alcance\/","name":"Nuestra cosecha a tu alcance - Adalid Ap\u00edcola","isPartOf":{"@id":"https:\/\/adalidapicola.com\/#website"},"datePublished":"2024-12-02T17:40:41+00:00","dateModified":"2026-03-16T21:10:24+00:00","breadcrumb":{"@id":"https:\/\/adalidapicola.com\/nuestra-cosecha-a-tu-alcance\/#breadcrumb"},"inLanguage":"en-US","potentialAction":[{"@type":"ReadAction","target":["https:\/\/adalidapicola.com\/nuestra-cosecha-a-tu-alcance\/"]}]},{"@type":"BreadcrumbList","@id":"https:\/\/adalidapicola.com\/nuestra-cosecha-a-tu-alcance\/#breadcrumb","itemListElement":[{"@type":"ListItem","position":1,"name":"Portada","item":"https:\/\/adalidapicola.com\/"},{"@type":"ListItem","position":2,"name":"Nuestra cosecha a tu alcance"}]},{"@type":"WebSite","@id":"https:\/\/adalidapicola.com\/#website","url":"https:\/\/adalidapicola.com\/","name":"Adalid Ap\u00edcola","description":"Apicultores de Guadalajara, divulgaci\u00f3n ap\u00edcola, venta de miel de calidad y enjambres de abejas. Api influencer","publisher":{"@id":"https:\/\/adalidapicola.com\/#organization"},"potentialAction":[{"@type":"SearchAction","target":{"@type":"EntryPoint","urlTemplate":"https:\/\/adalidapicola.com\/?s={search_term_string}"},"query-input":{"@type":"PropertyValueSpecification","valueRequired":true,"valueName":"search_term_string"}}],"inLanguage":"en-US"},{"@type":"Organization","@id":"https:\/\/adalidapicola.com\/#organization","name":"Adalid Ap\u00edcola","url":"https:\/\/adalidapicola.com\/","logo":{"@type":"ImageObject","inLanguage":"en-US","@id":"https:\/\/adalidapicola.com\/#\/schema\/logo\/image\/","url":"https:\/\/adalidapicola.com\/wp-content\/uploads\/2024\/01\/logo-pequeno-web.png","contentUrl":"https:\/\/adalidapicola.com\/wp-content\/uploads\/2024\/01\/logo-pequeno-web.png","width":366,"height":417,"caption":"Adalid Ap\u00edcola"},"image":{"@id":"https:\/\/adalidapicola.com\/#\/schema\/logo\/image\/"}}]}},"_links":{"self":[{"href":"https:\/\/adalidapicola.com\/en\/wp-json\/wp\/v2\/pages\/1046","targetHints":{"allow":["GET"]}}],"collection":[{"href":"https:\/\/adalidapicola.com\/en\/wp-json\/wp\/v2\/pages"}],"about":[{"href":"https:\/\/adalidapicola.com\/en\/wp-json\/wp\/v2\/types\/page"}],"author":[{"embeddable":true,"href":"https:\/\/adalidapicola.com\/en\/wp-json\/wp\/v2\/users\/5"}],"replies":[{"embeddable":true,"href":"https:\/\/adalidapicola.com\/en\/wp-json\/wp\/v2\/comments?post=1046"}],"version-history":[{"count":76,"href":"https:\/\/adalidapicola.com\/en\/wp-json\/wp\/v2\/pages\/1046\/revisions"}],"predecessor-version":[{"id":1396,"href":"https:\/\/adalidapicola.com\/en\/wp-json\/wp\/v2\/pages\/1046\/revisions\/1396"}],"wp:attachment":[{"href":"https:\/\/adalidapicola.com\/en\/wp-json\/wp\/v2\/media?parent=1046"}],"curies":[{"name":"wp","href":"https:\/\/api.w.org\/{rel}","templated":true}]}}