{"id":12,"date":"2024-01-23T23:41:50","date_gmt":"2024-01-23T22:41:50","guid":{"rendered":"https:\/\/adalidapicola.com\/?page_id=12"},"modified":"2024-12-03T00:00:14","modified_gmt":"2024-12-02T23:00:14","slug":"contacto","status":"publish","type":"page","link":"https:\/\/adalidapicola.com\/en\/contacto\/","title":{"rendered":"Contact"},"content":{"rendered":"<div data-elementor-type=\"wp-page\" data-elementor-id=\"12\" class=\"elementor elementor-12\" data-elementor-post-type=\"page\">\n\t\t\t\t<div class=\"elementor-element elementor-element-29554b84 e-con-full e-flex e-con e-parent\" data-id=\"29554b84\" data-element_type=\"container\" data-settings=\"{&quot;background_background&quot;:&quot;classic&quot;,&quot;background_motion_fx_motion_fx_scrolling&quot;:&quot;yes&quot;,&quot;background_motion_fx_scale_effect&quot;:&quot;yes&quot;,&quot;background_motion_fx_scale_speed&quot;:{&quot;unit&quot;:&quot;px&quot;,&quot;size&quot;:2,&quot;sizes&quot;:[]},&quot;background_motion_fx_scale_range&quot;:{&quot;unit&quot;:&quot;%&quot;,&quot;size&quot;:&quot;&quot;,&quot;sizes&quot;:{&quot;start&quot;:50,&quot;end&quot;:100}},&quot;background_motion_fx_scale_direction&quot;:&quot;out-in&quot;,&quot;background_motion_fx_devices&quot;:[&quot;desktop&quot;,&quot;tablet&quot;,&quot;mobile&quot;]}\">\n\t\t\t\t<div class=\"elementor-element elementor-element-7be8d4ec elementor-invisible elementor-widget elementor-widget-heading\" data-id=\"7be8d4ec\" data-element_type=\"widget\" data-settings=\"{&quot;_animation&quot;:&quot;slideInUp&quot;}\" data-widget_type=\"heading.default\">\n\t\t\t\t<div class=\"elementor-widget-container\">\n\t\t\t\t\t<h1 class=\"elementor-heading-title elementor-size-default\">WE would LOVE to hear FROM You<\/h1>\t\t\t\t<\/div>\n\t\t\t\t<\/div>\n\t\t\t\t<\/div>\n\t\t<div class=\"elementor-element elementor-element-f15582f e-con-full e-flex e-con e-parent\" data-id=\"f15582f\" data-element_type=\"container\">\n\t\t<div class=\"elementor-element elementor-element-4162991f e-con-full e-flex e-con e-child\" data-id=\"4162991f\" data-element_type=\"container\" data-settings=\"{&quot;background_background&quot;:&quot;classic&quot;}\">\n\t\t\t\t<\/div>\n\t\t<div class=\"elementor-element elementor-element-634ecb7a e-con-full e-flex e-con e-child\" data-id=\"634ecb7a\" data-element_type=\"container\" data-settings=\"{&quot;background_background&quot;:&quot;classic&quot;}\">\n\t\t\t\t<div class=\"elementor-element elementor-element-7ddc3ca9 elementor-invisible elementor-widget elementor-widget-heading\" data-id=\"7ddc3ca9\" data-element_type=\"widget\" data-settings=\"{&quot;_animation&quot;:&quot;slideInUp&quot;}\" data-widget_type=\"heading.default\">\n\t\t\t\t<div class=\"elementor-widget-container\">\n\t\t\t\t\t<h5 class=\"elementor-heading-title elementor-size-default\">cu\u00e9ntanos<\/h5>\t\t\t\t<\/div>\n\t\t\t\t<\/div>\n\t\t\t\t<div class=\"elementor-element elementor-element-748c8ba elementor-button-align-stretch elementor-widget elementor-widget-form\" data-id=\"748c8ba\" data-element_type=\"widget\" data-settings=\"{&quot;step_next_label&quot;:&quot;Siguiente&quot;,&quot;step_previous_label&quot;:&quot;Anterior&quot;,&quot;button_width&quot;:&quot;100&quot;,&quot;step_type&quot;:&quot;number_text&quot;,&quot;step_icon_shape&quot;:&quot;circle&quot;}\" data-widget_type=\"form.default\">\n\t\t\t\t<div class=\"elementor-widget-container\">\n\t\t\t\t\t\t\t<form class=\"elementor-form\" method=\"post\" id=\"az09rt\" name=\"Nuevo formulario\" action=\"\">\n\t\t\t<input type=\"hidden\" name=\"post_id\" value=\"12\"\/>\n\t\t\t<input type=\"hidden\" name=\"form_id\" value=\"748c8ba\"\/>\n\t\t\t<input type=\"hidden\" name=\"referer_title\" value=\"Adalid Ap\u00edcola\" \/>\n\n\t\t\t\n\t\t\t<div class=\"elementor-form-fields-wrapper elementor-labels-above\">\n\t\t\t\t\t\t\t\t<div class=\"elementor-field-type-text elementor-field-group elementor-column elementor-field-group-field_48c8654 elementor-col-100\">\n\t\t\t\t\t\t\t\t\t\t\t\t<label for=\"form-field-field_48c8654\" class=\"elementor-field-label\">\n\t\t\t\t\t\t\t\tName\t\t\t\t\t\t\t<\/label>\n\t\t\t\t\t\t\t\t\t\t\t\t\t\t<input size=\"1\" type=\"text\" name=\"form_fields[field_48c8654]\" id=\"form-field-field_48c8654\" class=\"elementor-field elementor-size-md  elementor-field-textual\" placeholder=\"Name\">\n\t\t\t\t\t\t\t\t\t\t\t<\/div>\n\t\t\t\t\t\t\t\t<div class=\"elementor-field-type-email elementor-field-group elementor-column elementor-field-group-email elementor-col-100 elementor-field-required\">\n\t\t\t\t\t\t\t\t\t\t\t\t<label for=\"form-field-email\" class=\"elementor-field-label\">\n\t\t\t\t\t\t\t\tCorreo electr\u00f3nico\t\t\t\t\t\t\t<\/label>\n\t\t\t\t\t\t\t\t\t\t\t\t\t\t<input size=\"1\" type=\"email\" name=\"form_fields[email]\" id=\"form-field-email\" class=\"elementor-field elementor-size-md  elementor-field-textual\" placeholder=\"Correo electr\u00f3nico\" required=\"required\">\n\t\t\t\t\t\t\t\t\t\t\t<\/div>\n\t\t\t\t\t\t\t\t<div class=\"elementor-field-type-text elementor-field-group elementor-column elementor-field-group-field_50f03c9 elementor-col-100\">\n\t\t\t\t\t\t\t\t\t\t\t\t<label for=\"form-field-field_50f03c9\" class=\"elementor-field-label\">\n\t\t\t\t\t\t\t\tPhone\t\t\t\t\t\t\t<\/label>\n\t\t\t\t\t\t\t\t\t\t\t\t\t\t<input size=\"1\" type=\"text\" name=\"form_fields[field_50f03c9]\" id=\"form-field-field_50f03c9\" class=\"elementor-field elementor-size-md  elementor-field-textual\" placeholder=\"Phone\">\n\t\t\t\t\t\t\t\t\t\t\t<\/div>\n\t\t\t\t\t\t\t\t<div class=\"elementor-field-type-textarea elementor-field-group elementor-column elementor-field-group-message elementor-col-100 elementor-field-required\">\n\t\t\t\t\t\t\t\t\t\t\t\t<label for=\"form-field-message\" class=\"elementor-field-label\">\n\t\t\t\t\t\t\t\tMensaje\t\t\t\t\t\t\t<\/label>\n\t\t\t\t\t\t<textarea class=\"elementor-field-textual elementor-field  elementor-size-md\" name=\"form_fields[message]\" id=\"form-field-message\" rows=\"4\" placeholder=\"Mensaje\" required=\"required\"><\/textarea>\t\t\t\t<\/div>\n\t\t\t\t\t\t\t\t<div class=\"elementor-field-group elementor-column elementor-field-type-submit elementor-col-100 e-form__buttons\">\n\t\t\t\t\t<button class=\"elementor-button elementor-size-md\" type=\"submit\">\n\t\t\t\t\t\t<span class=\"elementor-button-content-wrapper\">\n\t\t\t\t\t\t\t\t\t\t\t\t\t\t\t<span class=\"elementor-button-icon\">\n\t\t\t\t\t\t\t\t\t<svg aria-hidden=\"true\" class=\"e-font-icon-svg e-far-paper-plane\" viewbox=\"0 0 512 512\" xmlns=\"http:\/\/www.w3.org\/2000\/svg\"><path d=\"M440 6.5L24 246.4c-34.4 19.9-31.1 70.8 5.7 85.9L144 379.6V464c0 46.4 59.2 65.5 86.6 28.6l43.8-59.1 111.9 46.2c5.9 2.4 12.1 3.6 18.3 3.6 8.2 0 16.3-2.1 23.6-6.2 12.8-7.2 21.6-20 23.9-34.5l59.4-387.2c6.1-40.1-36.9-68.8-71.5-48.9zM192 464v-64.6l36.6 15.1L192 464zm212.6-28.7l-153.8-63.5L391 169.5c10.7-15.5-9.5-33.5-23.7-21.2L155.8 332.6 48 288 464 48l-59.4 387.3z\"><\/path><\/svg>\t\t\t\t\t\t\t\t\t\t\t\t\t\t\t\t\t<\/span>\n\t\t\t\t\t\t\t\t\t\t\t\t\t\t\t\t\t\t\t\t\t\t<span class=\"elementor-button-text\">Send<\/span>\n\t\t\t\t\t\t\t\t\t\t\t\t\t<\/span>\n\t\t\t\t\t<\/button>\n\t\t\t\t<\/div>\n\t\t\t<\/div>\n\t\t<input type=\"hidden\" name=\"trp-form-language\" value=\"en\"\/><\/form>\n\t\t\t\t\t\t<\/div>\n\t\t\t\t<\/div>\n\t\t\t\t<\/div>\n\t\t\t\t<\/div>\n\t\t<div class=\"elementor-element elementor-element-118e3527 e-con-full e-flex e-con e-parent\" data-id=\"118e3527\" data-element_type=\"container\">\n\t\t<div class=\"elementor-element elementor-element-428b6799 e-con-full e-flex e-con e-child\" data-id=\"428b6799\" data-element_type=\"container\" data-settings=\"{&quot;background_background&quot;:&quot;classic&quot;}\">\n\t\t\t\t<div class=\"elementor-element elementor-element-4527f560 elementor-widget elementor-widget-text-editor\" data-id=\"4527f560\" data-element_type=\"widget\" data-widget_type=\"text-editor.default\">\n\t\t\t\t<div class=\"elementor-widget-container\">\n\t\t\t\t\t\t\t\t\t<p>Email:<\/p>\t\t\t\t\t\t\t\t<\/div>\n\t\t\t\t<\/div>\n\t\t\t\t<div class=\"elementor-element elementor-element-5005697c elementor-widget elementor-widget-text-editor\" data-id=\"5005697c\" data-element_type=\"widget\" data-widget_type=\"text-editor.default\">\n\t\t\t\t<div class=\"elementor-widget-container\">\n\t\t\t\t\t\t\t\t\t<p>adalidapicola@gmail.com<\/p>\t\t\t\t\t\t\t\t<\/div>\n\t\t\t\t<\/div>\n\t\t\t\t<\/div>\n\t\t<div class=\"elementor-element elementor-element-13568cd4 e-con-full e-flex e-con e-child\" data-id=\"13568cd4\" data-element_type=\"container\">\n\t\t\t\t<div class=\"elementor-element elementor-element-569c8315 elementor-widget elementor-widget-text-editor\" data-id=\"569c8315\" data-element_type=\"widget\" data-widget_type=\"text-editor.default\">\n\t\t\t\t<div class=\"elementor-widget-container\">\n\t\t\t\t\t\t\t\t\t<p>Phone:\u00a0<\/p>\t\t\t\t\t\t\t\t<\/div>\n\t\t\t\t<\/div>\n\t\t\t\t<div class=\"elementor-element elementor-element-6eb3d12d elementor-widget elementor-widget-text-editor\" data-id=\"6eb3d12d\" data-element_type=\"widget\" data-widget_type=\"text-editor.default\">\n\t\t\t\t<div class=\"elementor-widget-container\">\n\t\t\t\t\t\t\t\t\t<p>(+34) 622943157<\/p>\t\t\t\t\t\t\t\t<\/div>\n\t\t\t\t<\/div>\n\t\t\t\t<\/div>\n\t\t<div class=\"elementor-element elementor-element-15af609c e-con-full e-flex e-con e-child\" data-id=\"15af609c\" data-element_type=\"container\" data-settings=\"{&quot;background_background&quot;:&quot;classic&quot;}\">\n\t\t\t\t<div class=\"elementor-element elementor-element-76084459 elementor-widget elementor-widget-text-editor\" data-id=\"76084459\" data-element_type=\"widget\" data-widget_type=\"text-editor.default\">\n\t\t\t\t<div class=\"elementor-widget-container\">\n\t\t\t\t\t\t\t\t\t<p>Address:\u00a0<\/p>\t\t\t\t\t\t\t\t<\/div>\n\t\t\t\t<\/div>\n\t\t\t\t<div class=\"elementor-element elementor-element-55eb2ba3 elementor-widget elementor-widget-text-editor\" data-id=\"55eb2ba3\" data-element_type=\"widget\" data-widget_type=\"text-editor.default\">\n\t\t\t\t<div class=\"elementor-widget-container\">\n\t\t\t\t\t\t\t\t\t<p>Calle Sauce 16 Pozo de Guadalajara (Guadalajara) Espa\u00f1a<\/p>\t\t\t\t\t\t\t\t<\/div>\n\t\t\t\t<\/div>\n\t\t\t\t<\/div>\n\t\t\t\t<\/div>\n\t\t\t\t<\/div>","protected":false},"excerpt":{"rendered":"<p>NOS ENCANTAR\u00cdA SABER DE Ti cu\u00e9ntanos Email: adalidapicola@gmail.com Tel\u00e9fono:\u00a0 (+34) 622943157 Direcci\u00f3n:\u00a0 Calle Sauce 16 Pozo de Guadalajara (Guadalajara) Espa\u00f1a<\/p>","protected":false},"author":5,"featured_media":0,"parent":0,"menu_order":0,"comment_status":"closed","ping_status":"closed","template":"","meta":{"_monsterinsights_skip_tracking":false,"_monsterinsights_sitenote_active":false,"_monsterinsights_sitenote_note":"","_monsterinsights_sitenote_category":0,"footnotes":""},"class_list":["post-12","page","type-page","status-publish","hentry"],"yoast_head":"<!-- This site is optimized with the Yoast SEO plugin v25.3.1 - https:\/\/yoast.com\/wordpress\/plugins\/seo\/ -->\n<title>Contacto - Adalid Ap\u00edcola<\/title>\n<meta name=\"robots\" content=\"index, follow, max-snippet:-1, max-image-preview:large, max-video-preview:-1\" \/>\n<link rel=\"canonical\" href=\"https:\/\/adalidapicola.com\/en\/contacto\/\" \/>\n<meta property=\"og:locale\" content=\"en_US\" \/>\n<meta property=\"og:type\" content=\"article\" \/>\n<meta property=\"og:title\" content=\"Contacto - Adalid Ap\u00edcola\" \/>\n<meta property=\"og:description\" content=\"NOS ENCANTAR\u00cdA SABER DE Ti cu\u00e9ntanos Email: adalidapicola@gmail.com Tel\u00e9fono:\u00a0 (+34) 622943157 Direcci\u00f3n:\u00a0 Calle Sauce 16 Pozo de Guadalajara (Guadalajara) Espa\u00f1a\" \/>\n<meta property=\"og:url\" content=\"https:\/\/adalidapicola.com\/en\/contacto\/\" \/>\n<meta property=\"og:site_name\" content=\"Adalid Ap\u00edcola\" \/>\n<meta property=\"article:modified_time\" content=\"2024-12-02T23:00:14+00:00\" \/>\n<meta name=\"twitter:card\" content=\"summary_large_image\" \/>\n<script type=\"application\/ld+json\" class=\"yoast-schema-graph\">{\"@context\":\"https:\/\/schema.org\",\"@graph\":[{\"@type\":\"WebPage\",\"@id\":\"https:\/\/adalidapicola.com\/contacto\/\",\"url\":\"https:\/\/adalidapicola.com\/contacto\/\",\"name\":\"Contacto - Adalid Ap\u00edcola\",\"isPartOf\":{\"@id\":\"https:\/\/adalidapicola.com\/#website\"},\"datePublished\":\"2024-01-23T22:41:50+00:00\",\"dateModified\":\"2024-12-02T23:00:14+00:00\",\"breadcrumb\":{\"@id\":\"https:\/\/adalidapicola.com\/contacto\/#breadcrumb\"},\"inLanguage\":\"en-US\",\"potentialAction\":[{\"@type\":\"ReadAction\",\"target\":[\"https:\/\/adalidapicola.com\/contacto\/\"]}]},{\"@type\":\"BreadcrumbList\",\"@id\":\"https:\/\/adalidapicola.com\/contacto\/#breadcrumb\",\"itemListElement\":[{\"@type\":\"ListItem\",\"position\":1,\"name\":\"Portada\",\"item\":\"https:\/\/adalidapicola.com\/\"},{\"@type\":\"ListItem\",\"position\":2,\"name\":\"Contacto\"}]},{\"@type\":\"WebSite\",\"@id\":\"https:\/\/adalidapicola.com\/#website\",\"url\":\"https:\/\/adalidapicola.com\/\",\"name\":\"Adalid Ap\u00edcola\",\"description\":\"Apicultores de Guadalajara, divulgaci\u00f3n ap\u00edcola, venta de miel de calidad y enjambres de abejas. Api influencer\",\"publisher\":{\"@id\":\"https:\/\/adalidapicola.com\/#organization\"},\"potentialAction\":[{\"@type\":\"SearchAction\",\"target\":{\"@type\":\"EntryPoint\",\"urlTemplate\":\"https:\/\/adalidapicola.com\/?s={search_term_string}\"},\"query-input\":{\"@type\":\"PropertyValueSpecification\",\"valueRequired\":true,\"valueName\":\"search_term_string\"}}],\"inLanguage\":\"en-US\"},{\"@type\":\"Organization\",\"@id\":\"https:\/\/adalidapicola.com\/#organization\",\"name\":\"Adalid Ap\u00edcola\",\"url\":\"https:\/\/adalidapicola.com\/\",\"logo\":{\"@type\":\"ImageObject\",\"inLanguage\":\"en-US\",\"@id\":\"https:\/\/adalidapicola.com\/#\/schema\/logo\/image\/\",\"url\":\"https:\/\/adalidapicola.com\/wp-content\/uploads\/2024\/01\/logo-pequeno-web.png\",\"contentUrl\":\"https:\/\/adalidapicola.com\/wp-content\/uploads\/2024\/01\/logo-pequeno-web.png\",\"width\":366,\"height\":417,\"caption\":\"Adalid Ap\u00edcola\"},\"image\":{\"@id\":\"https:\/\/adalidapicola.com\/#\/schema\/logo\/image\/\"}}]}<\/script>\n<!-- \/ Yoast SEO plugin. -->","yoast_head_json":{"title":"Contacto - Adalid Ap\u00edcola","robots":{"index":"index","follow":"follow","max-snippet":"max-snippet:-1","max-image-preview":"max-image-preview:large","max-video-preview":"max-video-preview:-1"},"canonical":"https:\/\/adalidapicola.com\/en\/contacto\/","og_locale":"en_US","og_type":"article","og_title":"Contacto - Adalid Ap\u00edcola","og_description":"NOS ENCANTAR\u00cdA SABER DE Ti cu\u00e9ntanos Email: adalidapicola@gmail.com Tel\u00e9fono:\u00a0 (+34) 622943157 Direcci\u00f3n:\u00a0 Calle Sauce 16 Pozo de Guadalajara (Guadalajara) Espa\u00f1a","og_url":"https:\/\/adalidapicola.com\/en\/contacto\/","og_site_name":"Adalid Ap\u00edcola","article_modified_time":"2024-12-02T23:00:14+00:00","twitter_card":"summary_large_image","schema":{"@context":"https:\/\/schema.org","@graph":[{"@type":"WebPage","@id":"https:\/\/adalidapicola.com\/contacto\/","url":"https:\/\/adalidapicola.com\/contacto\/","name":"Contacto - Adalid Ap\u00edcola","isPartOf":{"@id":"https:\/\/adalidapicola.com\/#website"},"datePublished":"2024-01-23T22:41:50+00:00","dateModified":"2024-12-02T23:00:14+00:00","breadcrumb":{"@id":"https:\/\/adalidapicola.com\/contacto\/#breadcrumb"},"inLanguage":"en-US","potentialAction":[{"@type":"ReadAction","target":["https:\/\/adalidapicola.com\/contacto\/"]}]},{"@type":"BreadcrumbList","@id":"https:\/\/adalidapicola.com\/contacto\/#breadcrumb","itemListElement":[{"@type":"ListItem","position":1,"name":"Portada","item":"https:\/\/adalidapicola.com\/"},{"@type":"ListItem","position":2,"name":"Contacto"}]},{"@type":"WebSite","@id":"https:\/\/adalidapicola.com\/#website","url":"https:\/\/adalidapicola.com\/","name":"Adalid Ap\u00edcola","description":"Apicultores de Guadalajara, divulgaci\u00f3n ap\u00edcola, venta de miel de calidad y enjambres de abejas. Api influencer","publisher":{"@id":"https:\/\/adalidapicola.com\/#organization"},"potentialAction":[{"@type":"SearchAction","target":{"@type":"EntryPoint","urlTemplate":"https:\/\/adalidapicola.com\/?s={search_term_string}"},"query-input":{"@type":"PropertyValueSpecification","valueRequired":true,"valueName":"search_term_string"}}],"inLanguage":"en-US"},{"@type":"Organization","@id":"https:\/\/adalidapicola.com\/#organization","name":"Adalid Ap\u00edcola","url":"https:\/\/adalidapicola.com\/","logo":{"@type":"ImageObject","inLanguage":"en-US","@id":"https:\/\/adalidapicola.com\/#\/schema\/logo\/image\/","url":"https:\/\/adalidapicola.com\/wp-content\/uploads\/2024\/01\/logo-pequeno-web.png","contentUrl":"https:\/\/adalidapicola.com\/wp-content\/uploads\/2024\/01\/logo-pequeno-web.png","width":366,"height":417,"caption":"Adalid Ap\u00edcola"},"image":{"@id":"https:\/\/adalidapicola.com\/#\/schema\/logo\/image\/"}}]}},"_links":{"self":[{"href":"https:\/\/adalidapicola.com\/en\/wp-json\/wp\/v2\/pages\/12","targetHints":{"allow":["GET"]}}],"collection":[{"href":"https:\/\/adalidapicola.com\/en\/wp-json\/wp\/v2\/pages"}],"about":[{"href":"https:\/\/adalidapicola.com\/en\/wp-json\/wp\/v2\/types\/page"}],"author":[{"embeddable":true,"href":"https:\/\/adalidapicola.com\/en\/wp-json\/wp\/v2\/users\/5"}],"replies":[{"embeddable":true,"href":"https:\/\/adalidapicola.com\/en\/wp-json\/wp\/v2\/comments?post=12"}],"version-history":[{"count":202,"href":"https:\/\/adalidapicola.com\/en\/wp-json\/wp\/v2\/pages\/12\/revisions"}],"predecessor-version":[{"id":1129,"href":"https:\/\/adalidapicola.com\/en\/wp-json\/wp\/v2\/pages\/12\/revisions\/1129"}],"wp:attachment":[{"href":"https:\/\/adalidapicola.com\/en\/wp-json\/wp\/v2\/media?parent=12"}],"curies":[{"name":"wp","href":"https:\/\/api.w.org\/{rel}","templated":true}]}}