{"id":24,"date":"2024-01-23T23:47:21","date_gmt":"2024-01-23T22:47:21","guid":{"rendered":"https:\/\/adalidapicola.com\/?page_id=24"},"modified":"2025-01-30T14:17:28","modified_gmt":"2025-01-30T13:17:28","slug":"sobre-nosotros","status":"publish","type":"page","link":"https:\/\/adalidapicola.com\/en\/sobre-nosotros\/","title":{"rendered":"About us"},"content":{"rendered":"<div data-elementor-type=\"wp-page\" data-elementor-id=\"24\" class=\"elementor elementor-24\" data-elementor-post-type=\"page\">\n\t\t\t\t<div class=\"elementor-element elementor-element-cd57a0a e-flex e-con-boxed e-con e-parent\" data-id=\"cd57a0a\" data-element_type=\"container\" data-settings=\"{&quot;background_background&quot;:&quot;classic&quot;}\">\n\t\t\t\t\t<div class=\"e-con-inner\">\n\t\t<div class=\"elementor-element elementor-element-cb102c2 e-flex e-con-boxed e-con e-child\" data-id=\"cb102c2\" data-element_type=\"container\">\n\t\t\t\t\t<div class=\"e-con-inner\">\n\t\t\t\t<div class=\"elementor-element elementor-element-c4293b6 elementor-widget__width-initial elementor-widget elementor-widget-text-editor\" data-id=\"c4293b6\" data-element_type=\"widget\" data-widget_type=\"text-editor.default\">\n\t\t\t\t<div class=\"elementor-widget-container\">\n\t\t\t\t\t\t\t\t\t<h4><span style=\"font-size: 1.5rem; letter-spacing: 0.2px; text-align: var(--text-align);\">RAQUEL + RODRIGO&nbsp;<\/span><span style=\"font-size: 1.5rem; letter-spacing: 0.2px; text-align: var(--text-align);\">=&nbsp;<\/span><span style=\"color: inherit; font-family: inherit; font-size: 1.5rem; letter-spacing: 0.2px; text-align: var(--text-align);\">ADALID AP\u00cdCOLA&nbsp;<\/span><\/h4>\n<p>Llevamos 10 a\u00f1os rodeados de abejas, aunque fue en 2022 cuando unimos nuestras fuerzas, conocimientos y pasi\u00f3n para sacar adelante este proyecto ap\u00edcola multidisciplinar con una dedicaci\u00f3n en exclusiva.<\/p>\n<p>Vivimos con nuestra hija en Pozo de Guadalajara. Gestionamos una explotaci\u00f3n profesional de un tama\u00f1o no excesivamente grande (300 colmenas y 250 n\u00facleos) lo que nos permite abastecer a nuestros clientes y a la vez poder cuidar todos los procesos.<\/p>\n<p>Todos nuestros colmenares est\u00e1n ubicados en Guadalajara, en la comarca de la Alcarria, excepto uno que tenemos en la Sierra Norte de Guadalajara.<\/p>\n<p>Priorizamos siempre la calidad a la cantidad, consiguiendo una gran variedad de mieles monoflorales singulares de cada paraje y \u00e9poca de cosecha. Miel de la Alcarria mimada en cada detalle, cuadros totalmente operculados, extracci\u00f3n por centrifugaci\u00f3n, decantaci\u00f3n y envasado en fr\u00edo. Peque\u00f1os detalles que marcan la diferencia.&nbsp;<\/p>\n<p>Somos trashumantes y desplazamos nuestras abejas en busca de las mejores floraciones, en colmenares de un tama\u00f1o medio para que sea una carga ap\u00edcola equilibrada y ajustada a la disponibilidad de flores de su entorno.<\/p>\t\t\t\t\t\t\t\t<\/div>\n\t\t\t\t<\/div>\n\t\t\t\t\t<\/div>\n\t\t\t\t<\/div>\n\t\t\t\t\t<\/div>\n\t\t\t\t<\/div>\n\t\t\t\t<\/div>","protected":false},"excerpt":{"rendered":"<p>RAQUEL + RODRIGO&nbsp;=&nbsp;ADALID AP\u00cdCOLA&nbsp; Llevamos 10 a\u00f1os rodeados de abejas, aunque fue en 2022 cuando unimos nuestras fuerzas, conocimientos y pasi\u00f3n para sacar adelante este proyecto ap\u00edcola multidisciplinar con una dedicaci\u00f3n en exclusiva. Vivimos con nuestra hija en Pozo de Guadalajara. Gestionamos una explotaci\u00f3n profesional de un tama\u00f1o no excesivamente grande (300 colmenas y 250 [&hellip;]<\/p>","protected":false},"author":5,"featured_media":0,"parent":0,"menu_order":0,"comment_status":"closed","ping_status":"closed","template":"","meta":{"_monsterinsights_skip_tracking":false,"_monsterinsights_sitenote_active":false,"_monsterinsights_sitenote_note":"","_monsterinsights_sitenote_category":0,"footnotes":""},"class_list":["post-24","page","type-page","status-publish","hentry"],"yoast_head":"<!-- This site is optimized with the Yoast SEO plugin v25.3.1 - https:\/\/yoast.com\/wordpress\/plugins\/seo\/ -->\n<title>Sobre nosotros - Adalid Ap\u00edcola<\/title>\n<meta name=\"robots\" content=\"index, follow, max-snippet:-1, max-image-preview:large, max-video-preview:-1\" \/>\n<link rel=\"canonical\" href=\"https:\/\/adalidapicola.com\/en\/sobre-nosotros\/\" \/>\n<meta property=\"og:locale\" content=\"en_US\" \/>\n<meta property=\"og:type\" content=\"article\" \/>\n<meta property=\"og:title\" content=\"Sobre nosotros - Adalid Ap\u00edcola\" \/>\n<meta property=\"og:description\" content=\"RAQUEL + RODRIGO&nbsp;=&nbsp;ADALID AP\u00cdCOLA&nbsp; Llevamos 10 a\u00f1os rodeados de abejas, aunque fue en 2022 cuando unimos nuestras fuerzas, conocimientos y pasi\u00f3n para sacar adelante este proyecto ap\u00edcola multidisciplinar con una dedicaci\u00f3n en exclusiva. Vivimos con nuestra hija en Pozo de Guadalajara. Gestionamos una explotaci\u00f3n profesional de un tama\u00f1o no excesivamente grande (300 colmenas y 250 [&hellip;]\" \/>\n<meta property=\"og:url\" content=\"https:\/\/adalidapicola.com\/en\/sobre-nosotros\/\" \/>\n<meta property=\"og:site_name\" content=\"Adalid Ap\u00edcola\" \/>\n<meta property=\"article:modified_time\" content=\"2025-01-30T13:17:28+00:00\" \/>\n<meta name=\"twitter:card\" content=\"summary_large_image\" \/>\n<meta name=\"twitter:label1\" content=\"Est. reading time\" \/>\n\t<meta name=\"twitter:data1\" content=\"1 minute\" \/>\n<script type=\"application\/ld+json\" class=\"yoast-schema-graph\">{\"@context\":\"https:\/\/schema.org\",\"@graph\":[{\"@type\":\"WebPage\",\"@id\":\"https:\/\/adalidapicola.com\/sobre-nosotros\/\",\"url\":\"https:\/\/adalidapicola.com\/sobre-nosotros\/\",\"name\":\"Sobre nosotros - Adalid Ap\u00edcola\",\"isPartOf\":{\"@id\":\"https:\/\/adalidapicola.com\/#website\"},\"datePublished\":\"2024-01-23T22:47:21+00:00\",\"dateModified\":\"2025-01-30T13:17:28+00:00\",\"breadcrumb\":{\"@id\":\"https:\/\/adalidapicola.com\/sobre-nosotros\/#breadcrumb\"},\"inLanguage\":\"en-US\",\"potentialAction\":[{\"@type\":\"ReadAction\",\"target\":[\"https:\/\/adalidapicola.com\/sobre-nosotros\/\"]}]},{\"@type\":\"BreadcrumbList\",\"@id\":\"https:\/\/adalidapicola.com\/sobre-nosotros\/#breadcrumb\",\"itemListElement\":[{\"@type\":\"ListItem\",\"position\":1,\"name\":\"Portada\",\"item\":\"https:\/\/adalidapicola.com\/\"},{\"@type\":\"ListItem\",\"position\":2,\"name\":\"Sobre nosotros\"}]},{\"@type\":\"WebSite\",\"@id\":\"https:\/\/adalidapicola.com\/#website\",\"url\":\"https:\/\/adalidapicola.com\/\",\"name\":\"Adalid Ap\u00edcola\",\"description\":\"Apicultores de Guadalajara, divulgaci\u00f3n ap\u00edcola, venta de miel de calidad y enjambres de abejas. Api influencer\",\"publisher\":{\"@id\":\"https:\/\/adalidapicola.com\/#organization\"},\"potentialAction\":[{\"@type\":\"SearchAction\",\"target\":{\"@type\":\"EntryPoint\",\"urlTemplate\":\"https:\/\/adalidapicola.com\/?s={search_term_string}\"},\"query-input\":{\"@type\":\"PropertyValueSpecification\",\"valueRequired\":true,\"valueName\":\"search_term_string\"}}],\"inLanguage\":\"en-US\"},{\"@type\":\"Organization\",\"@id\":\"https:\/\/adalidapicola.com\/#organization\",\"name\":\"Adalid Ap\u00edcola\",\"url\":\"https:\/\/adalidapicola.com\/\",\"logo\":{\"@type\":\"ImageObject\",\"inLanguage\":\"en-US\",\"@id\":\"https:\/\/adalidapicola.com\/#\/schema\/logo\/image\/\",\"url\":\"https:\/\/adalidapicola.com\/wp-content\/uploads\/2024\/01\/logo-pequeno-web.png\",\"contentUrl\":\"https:\/\/adalidapicola.com\/wp-content\/uploads\/2024\/01\/logo-pequeno-web.png\",\"width\":366,\"height\":417,\"caption\":\"Adalid Ap\u00edcola\"},\"image\":{\"@id\":\"https:\/\/adalidapicola.com\/#\/schema\/logo\/image\/\"}}]}<\/script>\n<!-- \/ Yoast SEO plugin. -->","yoast_head_json":{"title":"Sobre nosotros - Adalid Ap\u00edcola","robots":{"index":"index","follow":"follow","max-snippet":"max-snippet:-1","max-image-preview":"max-image-preview:large","max-video-preview":"max-video-preview:-1"},"canonical":"https:\/\/adalidapicola.com\/en\/sobre-nosotros\/","og_locale":"en_US","og_type":"article","og_title":"Sobre nosotros - Adalid Ap\u00edcola","og_description":"RAQUEL + RODRIGO&nbsp;=&nbsp;ADALID AP\u00cdCOLA&nbsp; Llevamos 10 a\u00f1os rodeados de abejas, aunque fue en 2022 cuando unimos nuestras fuerzas, conocimientos y pasi\u00f3n para sacar adelante este proyecto ap\u00edcola multidisciplinar con una dedicaci\u00f3n en exclusiva. Vivimos con nuestra hija en Pozo de Guadalajara. Gestionamos una explotaci\u00f3n profesional de un tama\u00f1o no excesivamente grande (300 colmenas y 250 [&hellip;]","og_url":"https:\/\/adalidapicola.com\/en\/sobre-nosotros\/","og_site_name":"Adalid Ap\u00edcola","article_modified_time":"2025-01-30T13:17:28+00:00","twitter_card":"summary_large_image","twitter_misc":{"Est. reading time":"1 minute"},"schema":{"@context":"https:\/\/schema.org","@graph":[{"@type":"WebPage","@id":"https:\/\/adalidapicola.com\/sobre-nosotros\/","url":"https:\/\/adalidapicola.com\/sobre-nosotros\/","name":"Sobre nosotros - Adalid Ap\u00edcola","isPartOf":{"@id":"https:\/\/adalidapicola.com\/#website"},"datePublished":"2024-01-23T22:47:21+00:00","dateModified":"2025-01-30T13:17:28+00:00","breadcrumb":{"@id":"https:\/\/adalidapicola.com\/sobre-nosotros\/#breadcrumb"},"inLanguage":"en-US","potentialAction":[{"@type":"ReadAction","target":["https:\/\/adalidapicola.com\/sobre-nosotros\/"]}]},{"@type":"BreadcrumbList","@id":"https:\/\/adalidapicola.com\/sobre-nosotros\/#breadcrumb","itemListElement":[{"@type":"ListItem","position":1,"name":"Portada","item":"https:\/\/adalidapicola.com\/"},{"@type":"ListItem","position":2,"name":"Sobre nosotros"}]},{"@type":"WebSite","@id":"https:\/\/adalidapicola.com\/#website","url":"https:\/\/adalidapicola.com\/","name":"Adalid Ap\u00edcola","description":"Apicultores de Guadalajara, divulgaci\u00f3n ap\u00edcola, venta de miel de calidad y enjambres de abejas. Api influencer","publisher":{"@id":"https:\/\/adalidapicola.com\/#organization"},"potentialAction":[{"@type":"SearchAction","target":{"@type":"EntryPoint","urlTemplate":"https:\/\/adalidapicola.com\/?s={search_term_string}"},"query-input":{"@type":"PropertyValueSpecification","valueRequired":true,"valueName":"search_term_string"}}],"inLanguage":"en-US"},{"@type":"Organization","@id":"https:\/\/adalidapicola.com\/#organization","name":"Adalid Ap\u00edcola","url":"https:\/\/adalidapicola.com\/","logo":{"@type":"ImageObject","inLanguage":"en-US","@id":"https:\/\/adalidapicola.com\/#\/schema\/logo\/image\/","url":"https:\/\/adalidapicola.com\/wp-content\/uploads\/2024\/01\/logo-pequeno-web.png","contentUrl":"https:\/\/adalidapicola.com\/wp-content\/uploads\/2024\/01\/logo-pequeno-web.png","width":366,"height":417,"caption":"Adalid Ap\u00edcola"},"image":{"@id":"https:\/\/adalidapicola.com\/#\/schema\/logo\/image\/"}}]}},"_links":{"self":[{"href":"https:\/\/adalidapicola.com\/en\/wp-json\/wp\/v2\/pages\/24","targetHints":{"allow":["GET"]}}],"collection":[{"href":"https:\/\/adalidapicola.com\/en\/wp-json\/wp\/v2\/pages"}],"about":[{"href":"https:\/\/adalidapicola.com\/en\/wp-json\/wp\/v2\/types\/page"}],"author":[{"embeddable":true,"href":"https:\/\/adalidapicola.com\/en\/wp-json\/wp\/v2\/users\/5"}],"replies":[{"embeddable":true,"href":"https:\/\/adalidapicola.com\/en\/wp-json\/wp\/v2\/comments?post=24"}],"version-history":[{"count":52,"href":"https:\/\/adalidapicola.com\/en\/wp-json\/wp\/v2\/pages\/24\/revisions"}],"predecessor-version":[{"id":1322,"href":"https:\/\/adalidapicola.com\/en\/wp-json\/wp\/v2\/pages\/24\/revisions\/1322"}],"wp:attachment":[{"href":"https:\/\/adalidapicola.com\/en\/wp-json\/wp\/v2\/media?parent=24"}],"curies":[{"name":"wp","href":"https:\/\/api.w.org\/{rel}","templated":true}]}}