{"id":322,"date":"2024-01-24T05:40:15","date_gmt":"2024-01-24T04:40:15","guid":{"rendered":"https:\/\/adalidapicola.com\/?post_type=product&#038;p=322"},"modified":"2024-10-29T14:25:58","modified_gmt":"2024-10-29T13:25:58","slug":"miel-rosal","status":"publish","type":"product","link":"https:\/\/adalidapicola.com\/en\/product\/miel-rosal\/","title":{"rendered":"Miel de Milflores Afrutada"},"content":{"rendered":"<p>Hay tantos tipos de mieles de milflores como colmenares y momentos de extracci\u00f3n, esta concretamente\u00a0 proviene de la polinizaci\u00f3n de diversas flores silvestres t\u00edpicas de la Alcarria. Esta mezcla \u00fanica le otorga un perfil de sabor complejo y variado, sabor predominantemente afrutado. Su color es \u00e1mbar, y su textura es untuosa y tiende a la cristalizaci\u00f3n.<\/p>","protected":false},"excerpt":{"rendered":"<p>The honey rose is a delicious nectar produced by bees that feed primarily of flowers, from roses. Its unique flavor and distinctive features floral nuances of soft and subtle flavors that reflect the essence of roses.<\/p>","protected":false},"featured_media":697,"comment_status":"open","ping_status":"closed","template":"","meta":{"_monsterinsights_skip_tracking":false,"_monsterinsights_sitenote_active":false,"_monsterinsights_sitenote_note":"","_monsterinsights_sitenote_category":0},"product_brand":[],"product_cat":[20],"product_tag":[],"class_list":{"0":"post-322","1":"product","2":"type-product","3":"status-publish","4":"has-post-thumbnail","6":"product_cat-sin-categorizar","8":"first","9":"instock","10":"taxable","11":"shipping-taxable","12":"purchasable","13":"product-type-simple"},"yoast_head":"<!-- This site is optimized with the Yoast SEO plugin v25.3.1 - https:\/\/yoast.com\/wordpress\/plugins\/seo\/ -->\n<title>Miel de Milflores Afrutada - Adalid Ap\u00edcola<\/title>\n<meta name=\"robots\" content=\"index, follow, max-snippet:-1, max-image-preview:large, max-video-preview:-1\" \/>\n<link rel=\"canonical\" href=\"https:\/\/adalidapicola.com\/en\/product\/miel-rosal\/\" \/>\n<meta property=\"og:locale\" content=\"en_US\" \/>\n<meta property=\"og:type\" content=\"article\" \/>\n<meta property=\"og:title\" content=\"Miel de Milflores Afrutada - Adalid Ap\u00edcola\" \/>\n<meta property=\"og:description\" content=\"La miel de rosal es un delicioso n\u00e9ctar producido por abejas que se alimentan principalmente de las flores de rosas. Su sabor \u00fanico y distintivo presenta matices florales suaves y aromas sutiles que reflejan la esencia de las rosas.\" \/>\n<meta property=\"og:url\" content=\"https:\/\/adalidapicola.com\/en\/product\/miel-rosal\/\" \/>\n<meta property=\"og:site_name\" content=\"Adalid Ap\u00edcola\" \/>\n<meta property=\"article:modified_time\" content=\"2024-10-29T13:25:58+00:00\" \/>\n<meta property=\"og:image\" content=\"https:\/\/adalidapicola.com\/wp-content\/uploads\/2024\/10\/milflores-afrutada.png\" \/>\n\t<meta property=\"og:image:width\" content=\"917\" \/>\n\t<meta property=\"og:image:height\" content=\"1371\" \/>\n\t<meta property=\"og:image:type\" content=\"image\/png\" \/>\n<meta name=\"twitter:card\" content=\"summary_large_image\" \/>\n<script type=\"application\/ld+json\" class=\"yoast-schema-graph\">{\"@context\":\"https:\/\/schema.org\",\"@graph\":[{\"@type\":\"WebPage\",\"@id\":\"https:\/\/adalidapicola.com\/producto\/miel-rosal\/\",\"url\":\"https:\/\/adalidapicola.com\/producto\/miel-rosal\/\",\"name\":\"Miel de Milflores Afrutada - Adalid Ap\u00edcola\",\"isPartOf\":{\"@id\":\"https:\/\/adalidapicola.com\/#website\"},\"primaryImageOfPage\":{\"@id\":\"https:\/\/adalidapicola.com\/producto\/miel-rosal\/#primaryimage\"},\"image\":{\"@id\":\"https:\/\/adalidapicola.com\/producto\/miel-rosal\/#primaryimage\"},\"thumbnailUrl\":\"https:\/\/adalidapicola.com\/wp-content\/uploads\/2024\/10\/milflores-afrutada.png\",\"datePublished\":\"2024-01-24T04:40:15+00:00\",\"dateModified\":\"2024-10-29T13:25:58+00:00\",\"breadcrumb\":{\"@id\":\"https:\/\/adalidapicola.com\/producto\/miel-rosal\/#breadcrumb\"},\"inLanguage\":\"en-US\",\"potentialAction\":[{\"@type\":\"ReadAction\",\"target\":[\"https:\/\/adalidapicola.com\/producto\/miel-rosal\/\"]}]},{\"@type\":\"ImageObject\",\"inLanguage\":\"en-US\",\"@id\":\"https:\/\/adalidapicola.com\/producto\/miel-rosal\/#primaryimage\",\"url\":\"https:\/\/adalidapicola.com\/wp-content\/uploads\/2024\/10\/milflores-afrutada.png\",\"contentUrl\":\"https:\/\/adalidapicola.com\/wp-content\/uploads\/2024\/10\/milflores-afrutada.png\",\"width\":917,\"height\":1371},{\"@type\":\"BreadcrumbList\",\"@id\":\"https:\/\/adalidapicola.com\/producto\/miel-rosal\/#breadcrumb\",\"itemListElement\":[{\"@type\":\"ListItem\",\"position\":1,\"name\":\"Portada\",\"item\":\"https:\/\/adalidapicola.com\/\"},{\"@type\":\"ListItem\",\"position\":2,\"name\":\"Tienda\",\"item\":\"https:\/\/adalidapicola.com\/tienda\/\"},{\"@type\":\"ListItem\",\"position\":3,\"name\":\"Miel de Milflores Afrutada\"}]},{\"@type\":\"WebSite\",\"@id\":\"https:\/\/adalidapicola.com\/#website\",\"url\":\"https:\/\/adalidapicola.com\/\",\"name\":\"Adalid Ap\u00edcola\",\"description\":\"Apicultores de Guadalajara, divulgaci\u00f3n ap\u00edcola, venta de miel de calidad y enjambres de abejas. Api influencer\",\"publisher\":{\"@id\":\"https:\/\/adalidapicola.com\/#organization\"},\"potentialAction\":[{\"@type\":\"SearchAction\",\"target\":{\"@type\":\"EntryPoint\",\"urlTemplate\":\"https:\/\/adalidapicola.com\/?s={search_term_string}\"},\"query-input\":{\"@type\":\"PropertyValueSpecification\",\"valueRequired\":true,\"valueName\":\"search_term_string\"}}],\"inLanguage\":\"en-US\"},{\"@type\":\"Organization\",\"@id\":\"https:\/\/adalidapicola.com\/#organization\",\"name\":\"Adalid Ap\u00edcola\",\"url\":\"https:\/\/adalidapicola.com\/\",\"logo\":{\"@type\":\"ImageObject\",\"inLanguage\":\"en-US\",\"@id\":\"https:\/\/adalidapicola.com\/#\/schema\/logo\/image\/\",\"url\":\"https:\/\/adalidapicola.com\/wp-content\/uploads\/2024\/01\/logo-pequeno-web.png\",\"contentUrl\":\"https:\/\/adalidapicola.com\/wp-content\/uploads\/2024\/01\/logo-pequeno-web.png\",\"width\":366,\"height\":417,\"caption\":\"Adalid Ap\u00edcola\"},\"image\":{\"@id\":\"https:\/\/adalidapicola.com\/#\/schema\/logo\/image\/\"}}]}<\/script>\n<!-- \/ Yoast SEO plugin. -->","yoast_head_json":{"title":"Miel de Milflores Afrutada - Adalid Ap\u00edcola","robots":{"index":"index","follow":"follow","max-snippet":"max-snippet:-1","max-image-preview":"max-image-preview:large","max-video-preview":"max-video-preview:-1"},"canonical":"https:\/\/adalidapicola.com\/en\/product\/miel-rosal\/","og_locale":"en_US","og_type":"article","og_title":"Miel de Milflores Afrutada - Adalid Ap\u00edcola","og_description":"La miel de rosal es un delicioso n\u00e9ctar producido por abejas que se alimentan principalmente de las flores de rosas. Su sabor \u00fanico y distintivo presenta matices florales suaves y aromas sutiles que reflejan la esencia de las rosas.","og_url":"https:\/\/adalidapicola.com\/en\/product\/miel-rosal\/","og_site_name":"Adalid Ap\u00edcola","article_modified_time":"2024-10-29T13:25:58+00:00","og_image":[{"width":917,"height":1371,"url":"https:\/\/adalidapicola.com\/wp-content\/uploads\/2024\/10\/milflores-afrutada.png","type":"image\/png"}],"twitter_card":"summary_large_image","schema":{"@context":"https:\/\/schema.org","@graph":[{"@type":"WebPage","@id":"https:\/\/adalidapicola.com\/producto\/miel-rosal\/","url":"https:\/\/adalidapicola.com\/producto\/miel-rosal\/","name":"Miel de Milflores Afrutada - Adalid Ap\u00edcola","isPartOf":{"@id":"https:\/\/adalidapicola.com\/#website"},"primaryImageOfPage":{"@id":"https:\/\/adalidapicola.com\/producto\/miel-rosal\/#primaryimage"},"image":{"@id":"https:\/\/adalidapicola.com\/producto\/miel-rosal\/#primaryimage"},"thumbnailUrl":"https:\/\/adalidapicola.com\/wp-content\/uploads\/2024\/10\/milflores-afrutada.png","datePublished":"2024-01-24T04:40:15+00:00","dateModified":"2024-10-29T13:25:58+00:00","breadcrumb":{"@id":"https:\/\/adalidapicola.com\/producto\/miel-rosal\/#breadcrumb"},"inLanguage":"en-US","potentialAction":[{"@type":"ReadAction","target":["https:\/\/adalidapicola.com\/producto\/miel-rosal\/"]}]},{"@type":"ImageObject","inLanguage":"en-US","@id":"https:\/\/adalidapicola.com\/producto\/miel-rosal\/#primaryimage","url":"https:\/\/adalidapicola.com\/wp-content\/uploads\/2024\/10\/milflores-afrutada.png","contentUrl":"https:\/\/adalidapicola.com\/wp-content\/uploads\/2024\/10\/milflores-afrutada.png","width":917,"height":1371},{"@type":"BreadcrumbList","@id":"https:\/\/adalidapicola.com\/producto\/miel-rosal\/#breadcrumb","itemListElement":[{"@type":"ListItem","position":1,"name":"Portada","item":"https:\/\/adalidapicola.com\/"},{"@type":"ListItem","position":2,"name":"Tienda","item":"https:\/\/adalidapicola.com\/tienda\/"},{"@type":"ListItem","position":3,"name":"Miel de Milflores Afrutada"}]},{"@type":"WebSite","@id":"https:\/\/adalidapicola.com\/#website","url":"https:\/\/adalidapicola.com\/","name":"Adalid Ap\u00edcola","description":"Apicultores de Guadalajara, divulgaci\u00f3n ap\u00edcola, venta de miel de calidad y enjambres de abejas. Api influencer","publisher":{"@id":"https:\/\/adalidapicola.com\/#organization"},"potentialAction":[{"@type":"SearchAction","target":{"@type":"EntryPoint","urlTemplate":"https:\/\/adalidapicola.com\/?s={search_term_string}"},"query-input":{"@type":"PropertyValueSpecification","valueRequired":true,"valueName":"search_term_string"}}],"inLanguage":"en-US"},{"@type":"Organization","@id":"https:\/\/adalidapicola.com\/#organization","name":"Adalid Ap\u00edcola","url":"https:\/\/adalidapicola.com\/","logo":{"@type":"ImageObject","inLanguage":"en-US","@id":"https:\/\/adalidapicola.com\/#\/schema\/logo\/image\/","url":"https:\/\/adalidapicola.com\/wp-content\/uploads\/2024\/01\/logo-pequeno-web.png","contentUrl":"https:\/\/adalidapicola.com\/wp-content\/uploads\/2024\/01\/logo-pequeno-web.png","width":366,"height":417,"caption":"Adalid Ap\u00edcola"},"image":{"@id":"https:\/\/adalidapicola.com\/#\/schema\/logo\/image\/"}}]}},"_links":{"self":[{"href":"https:\/\/adalidapicola.com\/en\/wp-json\/wp\/v2\/product\/322","targetHints":{"allow":["GET"]}}],"collection":[{"href":"https:\/\/adalidapicola.com\/en\/wp-json\/wp\/v2\/product"}],"about":[{"href":"https:\/\/adalidapicola.com\/en\/wp-json\/wp\/v2\/types\/product"}],"replies":[{"embeddable":true,"href":"https:\/\/adalidapicola.com\/en\/wp-json\/wp\/v2\/comments?post=322"}],"wp:featuredmedia":[{"embeddable":true,"href":"https:\/\/adalidapicola.com\/en\/wp-json\/wp\/v2\/media\/697"}],"wp:attachment":[{"href":"https:\/\/adalidapicola.com\/en\/wp-json\/wp\/v2\/media?parent=322"}],"wp:term":[{"taxonomy":"product_brand","embeddable":true,"href":"https:\/\/adalidapicola.com\/en\/wp-json\/wp\/v2\/product_brand?post=322"},{"taxonomy":"product_cat","embeddable":true,"href":"https:\/\/adalidapicola.com\/en\/wp-json\/wp\/v2\/product_cat?post=322"},{"taxonomy":"product_tag","embeddable":true,"href":"https:\/\/adalidapicola.com\/en\/wp-json\/wp\/v2\/product_tag?post=322"}],"curies":[{"name":"wp","href":"https:\/\/api.w.org\/{rel}","templated":true}]}}