{"id":324,"date":"2024-01-24T05:42:39","date_gmt":"2024-01-24T04:42:39","guid":{"rendered":"https:\/\/adalidapicola.com\/?post_type=product&#038;p=324"},"modified":"2024-10-29T14:25:31","modified_gmt":"2024-10-29T13:25:31","slug":"miel-milflores","status":"publish","type":"product","link":"https:\/\/adalidapicola.com\/en\/product\/miel-milflores\/","title":{"rendered":"Miel de Milflores Floral"},"content":{"rendered":"<p>hay tantos tipos de milflores como colmenares y momentos de extracci\u00f3n, esta concretamente\u00a0 proviene de la polinizaci\u00f3n de diversas flores silvestres t\u00edpicas de la Alcarria. Esta mezcla \u00fanica le otorga un perfil de sabor complejo y variado, sabor predominantemente floral. Su color es \u00e1mbar, y su textura es untuosa y tiende a la cristalizaci\u00f3n.<\/p>","protected":false},"excerpt":{"rendered":"<p>The honey of milflores is a delicious nectar that comes from the pollination of various wild flowers. This unique blend gives you a flavor profile that is complex and varied, with nuances that can include floral notes, fruity and herbaceous. Its color may range between light tones and amber, and their texture is often soft and fluid.<\/p>","protected":false},"featured_media":698,"comment_status":"open","ping_status":"closed","template":"","meta":{"_monsterinsights_skip_tracking":false,"_monsterinsights_sitenote_active":false,"_monsterinsights_sitenote_note":"","_monsterinsights_sitenote_category":0},"product_brand":[],"product_cat":[20],"product_tag":[],"class_list":{"0":"post-324","1":"product","2":"type-product","3":"status-publish","4":"has-post-thumbnail","6":"product_cat-sin-categorizar","8":"first","9":"instock","10":"taxable","11":"shipping-taxable","12":"purchasable","13":"product-type-simple"},"yoast_head":"<!-- This site is optimized with the Yoast SEO plugin v25.3.1 - https:\/\/yoast.com\/wordpress\/plugins\/seo\/ -->\n<title>Miel de Milflores Floral - Adalid Ap\u00edcola<\/title>\n<meta name=\"robots\" content=\"index, follow, max-snippet:-1, max-image-preview:large, max-video-preview:-1\" \/>\n<link rel=\"canonical\" href=\"https:\/\/adalidapicola.com\/en\/product\/miel-milflores\/\" \/>\n<meta property=\"og:locale\" content=\"en_US\" \/>\n<meta property=\"og:type\" content=\"article\" \/>\n<meta property=\"og:title\" content=\"Miel de Milflores Floral - Adalid Ap\u00edcola\" \/>\n<meta property=\"og:description\" content=\"La miel de milflores es un n\u00e9ctar delicioso que proviene de la polinizaci\u00f3n de diversas flores silvestres. Esta mezcla \u00fanica le otorga un perfil de sabor complejo y variado, con matices que pueden incluir notas florales, frutales y herb\u00e1ceas. Su color puede oscilar entre tonos claros y \u00e1mbar, y su textura suele ser suave y l\u00edquida.\" \/>\n<meta property=\"og:url\" content=\"https:\/\/adalidapicola.com\/en\/product\/miel-milflores\/\" \/>\n<meta property=\"og:site_name\" content=\"Adalid Ap\u00edcola\" \/>\n<meta property=\"article:modified_time\" content=\"2024-10-29T13:25:31+00:00\" \/>\n<meta property=\"og:image\" content=\"https:\/\/adalidapicola.com\/wp-content\/uploads\/2024\/10\/milflores-floral.png\" \/>\n\t<meta property=\"og:image:width\" content=\"940\" \/>\n\t<meta property=\"og:image:height\" content=\"1387\" \/>\n\t<meta property=\"og:image:type\" content=\"image\/png\" \/>\n<meta name=\"twitter:card\" content=\"summary_large_image\" \/>\n<script type=\"application\/ld+json\" class=\"yoast-schema-graph\">{\"@context\":\"https:\/\/schema.org\",\"@graph\":[{\"@type\":\"WebPage\",\"@id\":\"https:\/\/adalidapicola.com\/producto\/miel-milflores\/\",\"url\":\"https:\/\/adalidapicola.com\/producto\/miel-milflores\/\",\"name\":\"Miel de Milflores Floral - Adalid Ap\u00edcola\",\"isPartOf\":{\"@id\":\"https:\/\/adalidapicola.com\/#website\"},\"primaryImageOfPage\":{\"@id\":\"https:\/\/adalidapicola.com\/producto\/miel-milflores\/#primaryimage\"},\"image\":{\"@id\":\"https:\/\/adalidapicola.com\/producto\/miel-milflores\/#primaryimage\"},\"thumbnailUrl\":\"https:\/\/adalidapicola.com\/wp-content\/uploads\/2024\/10\/milflores-floral.png\",\"datePublished\":\"2024-01-24T04:42:39+00:00\",\"dateModified\":\"2024-10-29T13:25:31+00:00\",\"breadcrumb\":{\"@id\":\"https:\/\/adalidapicola.com\/producto\/miel-milflores\/#breadcrumb\"},\"inLanguage\":\"en-US\",\"potentialAction\":[{\"@type\":\"ReadAction\",\"target\":[\"https:\/\/adalidapicola.com\/producto\/miel-milflores\/\"]}]},{\"@type\":\"ImageObject\",\"inLanguage\":\"en-US\",\"@id\":\"https:\/\/adalidapicola.com\/producto\/miel-milflores\/#primaryimage\",\"url\":\"https:\/\/adalidapicola.com\/wp-content\/uploads\/2024\/10\/milflores-floral.png\",\"contentUrl\":\"https:\/\/adalidapicola.com\/wp-content\/uploads\/2024\/10\/milflores-floral.png\",\"width\":940,\"height\":1387},{\"@type\":\"BreadcrumbList\",\"@id\":\"https:\/\/adalidapicola.com\/producto\/miel-milflores\/#breadcrumb\",\"itemListElement\":[{\"@type\":\"ListItem\",\"position\":1,\"name\":\"Portada\",\"item\":\"https:\/\/adalidapicola.com\/\"},{\"@type\":\"ListItem\",\"position\":2,\"name\":\"Tienda\",\"item\":\"https:\/\/adalidapicola.com\/tienda\/\"},{\"@type\":\"ListItem\",\"position\":3,\"name\":\"Miel de Milflores Floral\"}]},{\"@type\":\"WebSite\",\"@id\":\"https:\/\/adalidapicola.com\/#website\",\"url\":\"https:\/\/adalidapicola.com\/\",\"name\":\"Adalid Ap\u00edcola\",\"description\":\"Apicultores de Guadalajara, divulgaci\u00f3n ap\u00edcola, venta de miel de calidad y enjambres de abejas. Api influencer\",\"publisher\":{\"@id\":\"https:\/\/adalidapicola.com\/#organization\"},\"potentialAction\":[{\"@type\":\"SearchAction\",\"target\":{\"@type\":\"EntryPoint\",\"urlTemplate\":\"https:\/\/adalidapicola.com\/?s={search_term_string}\"},\"query-input\":{\"@type\":\"PropertyValueSpecification\",\"valueRequired\":true,\"valueName\":\"search_term_string\"}}],\"inLanguage\":\"en-US\"},{\"@type\":\"Organization\",\"@id\":\"https:\/\/adalidapicola.com\/#organization\",\"name\":\"Adalid Ap\u00edcola\",\"url\":\"https:\/\/adalidapicola.com\/\",\"logo\":{\"@type\":\"ImageObject\",\"inLanguage\":\"en-US\",\"@id\":\"https:\/\/adalidapicola.com\/#\/schema\/logo\/image\/\",\"url\":\"https:\/\/adalidapicola.com\/wp-content\/uploads\/2024\/01\/logo-pequeno-web.png\",\"contentUrl\":\"https:\/\/adalidapicola.com\/wp-content\/uploads\/2024\/01\/logo-pequeno-web.png\",\"width\":366,\"height\":417,\"caption\":\"Adalid Ap\u00edcola\"},\"image\":{\"@id\":\"https:\/\/adalidapicola.com\/#\/schema\/logo\/image\/\"}}]}<\/script>\n<!-- \/ Yoast SEO plugin. -->","yoast_head_json":{"title":"Miel de Milflores Floral - Adalid Ap\u00edcola","robots":{"index":"index","follow":"follow","max-snippet":"max-snippet:-1","max-image-preview":"max-image-preview:large","max-video-preview":"max-video-preview:-1"},"canonical":"https:\/\/adalidapicola.com\/en\/product\/miel-milflores\/","og_locale":"en_US","og_type":"article","og_title":"Miel de Milflores Floral - Adalid Ap\u00edcola","og_description":"La miel de milflores es un n\u00e9ctar delicioso que proviene de la polinizaci\u00f3n de diversas flores silvestres. Esta mezcla \u00fanica le otorga un perfil de sabor complejo y variado, con matices que pueden incluir notas florales, frutales y herb\u00e1ceas. Su color puede oscilar entre tonos claros y \u00e1mbar, y su textura suele ser suave y l\u00edquida.","og_url":"https:\/\/adalidapicola.com\/en\/product\/miel-milflores\/","og_site_name":"Adalid Ap\u00edcola","article_modified_time":"2024-10-29T13:25:31+00:00","og_image":[{"width":940,"height":1387,"url":"https:\/\/adalidapicola.com\/wp-content\/uploads\/2024\/10\/milflores-floral.png","type":"image\/png"}],"twitter_card":"summary_large_image","schema":{"@context":"https:\/\/schema.org","@graph":[{"@type":"WebPage","@id":"https:\/\/adalidapicola.com\/producto\/miel-milflores\/","url":"https:\/\/adalidapicola.com\/producto\/miel-milflores\/","name":"Miel de Milflores Floral - Adalid Ap\u00edcola","isPartOf":{"@id":"https:\/\/adalidapicola.com\/#website"},"primaryImageOfPage":{"@id":"https:\/\/adalidapicola.com\/producto\/miel-milflores\/#primaryimage"},"image":{"@id":"https:\/\/adalidapicola.com\/producto\/miel-milflores\/#primaryimage"},"thumbnailUrl":"https:\/\/adalidapicola.com\/wp-content\/uploads\/2024\/10\/milflores-floral.png","datePublished":"2024-01-24T04:42:39+00:00","dateModified":"2024-10-29T13:25:31+00:00","breadcrumb":{"@id":"https:\/\/adalidapicola.com\/producto\/miel-milflores\/#breadcrumb"},"inLanguage":"en-US","potentialAction":[{"@type":"ReadAction","target":["https:\/\/adalidapicola.com\/producto\/miel-milflores\/"]}]},{"@type":"ImageObject","inLanguage":"en-US","@id":"https:\/\/adalidapicola.com\/producto\/miel-milflores\/#primaryimage","url":"https:\/\/adalidapicola.com\/wp-content\/uploads\/2024\/10\/milflores-floral.png","contentUrl":"https:\/\/adalidapicola.com\/wp-content\/uploads\/2024\/10\/milflores-floral.png","width":940,"height":1387},{"@type":"BreadcrumbList","@id":"https:\/\/adalidapicola.com\/producto\/miel-milflores\/#breadcrumb","itemListElement":[{"@type":"ListItem","position":1,"name":"Portada","item":"https:\/\/adalidapicola.com\/"},{"@type":"ListItem","position":2,"name":"Tienda","item":"https:\/\/adalidapicola.com\/tienda\/"},{"@type":"ListItem","position":3,"name":"Miel de Milflores Floral"}]},{"@type":"WebSite","@id":"https:\/\/adalidapicola.com\/#website","url":"https:\/\/adalidapicola.com\/","name":"Adalid Ap\u00edcola","description":"Apicultores de Guadalajara, divulgaci\u00f3n ap\u00edcola, venta de miel de calidad y enjambres de abejas. Api influencer","publisher":{"@id":"https:\/\/adalidapicola.com\/#organization"},"potentialAction":[{"@type":"SearchAction","target":{"@type":"EntryPoint","urlTemplate":"https:\/\/adalidapicola.com\/?s={search_term_string}"},"query-input":{"@type":"PropertyValueSpecification","valueRequired":true,"valueName":"search_term_string"}}],"inLanguage":"en-US"},{"@type":"Organization","@id":"https:\/\/adalidapicola.com\/#organization","name":"Adalid Ap\u00edcola","url":"https:\/\/adalidapicola.com\/","logo":{"@type":"ImageObject","inLanguage":"en-US","@id":"https:\/\/adalidapicola.com\/#\/schema\/logo\/image\/","url":"https:\/\/adalidapicola.com\/wp-content\/uploads\/2024\/01\/logo-pequeno-web.png","contentUrl":"https:\/\/adalidapicola.com\/wp-content\/uploads\/2024\/01\/logo-pequeno-web.png","width":366,"height":417,"caption":"Adalid Ap\u00edcola"},"image":{"@id":"https:\/\/adalidapicola.com\/#\/schema\/logo\/image\/"}}]}},"_links":{"self":[{"href":"https:\/\/adalidapicola.com\/en\/wp-json\/wp\/v2\/product\/324","targetHints":{"allow":["GET"]}}],"collection":[{"href":"https:\/\/adalidapicola.com\/en\/wp-json\/wp\/v2\/product"}],"about":[{"href":"https:\/\/adalidapicola.com\/en\/wp-json\/wp\/v2\/types\/product"}],"replies":[{"embeddable":true,"href":"https:\/\/adalidapicola.com\/en\/wp-json\/wp\/v2\/comments?post=324"}],"wp:featuredmedia":[{"embeddable":true,"href":"https:\/\/adalidapicola.com\/en\/wp-json\/wp\/v2\/media\/698"}],"wp:attachment":[{"href":"https:\/\/adalidapicola.com\/en\/wp-json\/wp\/v2\/media?parent=324"}],"wp:term":[{"taxonomy":"product_brand","embeddable":true,"href":"https:\/\/adalidapicola.com\/en\/wp-json\/wp\/v2\/product_brand?post=324"},{"taxonomy":"product_cat","embeddable":true,"href":"https:\/\/adalidapicola.com\/en\/wp-json\/wp\/v2\/product_cat?post=324"},{"taxonomy":"product_tag","embeddable":true,"href":"https:\/\/adalidapicola.com\/en\/wp-json\/wp\/v2\/product_tag?post=324"}],"curies":[{"name":"wp","href":"https:\/\/api.w.org\/{rel}","templated":true}]}}