{"id":326,"date":"2024-01-24T05:44:50","date_gmt":"2024-01-24T04:44:50","guid":{"rendered":"https:\/\/adalidapicola.com\/?post_type=product&#038;p=326"},"modified":"2024-10-29T14:24:46","modified_gmt":"2024-10-29T13:24:46","slug":"miel-lavanda","status":"publish","type":"product","link":"https:\/\/adalidapicola.com\/en\/product\/miel-lavanda\/","title":{"rendered":"Miel de Lavanda"},"content":{"rendered":"<p>Nuestra miel de lavanda es un exquisito n\u00e9ctar producido por las abejas que llevamos de viaje a los campos de lavanda de Brihuega. Ganadora de medalla de oro en el concurso internacional de mieles London Honey Awards. Esta miel se distingue por su sabor suave y floral, con notas distintivas de la fragancia caracter\u00edstica de la lavanda.<\/p>","protected":false},"excerpt":{"rendered":"<p>The lavender honey is an exquisite nectar produced by bees that pollinate the flowers of lavender. This honey is distinguished by its smooth taste and floral, with distinctive notes of the fragrance characteristic of the lavender.<\/p>","protected":false},"featured_media":696,"comment_status":"open","ping_status":"closed","template":"","meta":{"_monsterinsights_skip_tracking":false,"_monsterinsights_sitenote_active":false,"_monsterinsights_sitenote_note":"","_monsterinsights_sitenote_category":0},"product_brand":[],"product_cat":[20],"product_tag":[],"class_list":{"0":"post-326","1":"product","2":"type-product","3":"status-publish","4":"has-post-thumbnail","6":"product_cat-sin-categorizar","8":"first","9":"instock","10":"taxable","11":"shipping-taxable","12":"purchasable","13":"product-type-simple"},"yoast_head":"<!-- This site is optimized with the Yoast SEO plugin v25.3.1 - https:\/\/yoast.com\/wordpress\/plugins\/seo\/ -->\n<title>Miel de Lavanda - Adalid Ap\u00edcola<\/title>\n<meta name=\"robots\" content=\"index, follow, max-snippet:-1, max-image-preview:large, max-video-preview:-1\" \/>\n<link rel=\"canonical\" href=\"https:\/\/adalidapicola.com\/en\/product\/miel-lavanda\/\" \/>\n<meta property=\"og:locale\" content=\"en_US\" \/>\n<meta property=\"og:type\" content=\"article\" \/>\n<meta property=\"og:title\" content=\"Miel de Lavanda - Adalid Ap\u00edcola\" \/>\n<meta property=\"og:description\" content=\"La miel de lavanda es un exquisito n\u00e9ctar producido por las abejas que polinizan las flores de lavanda. Esta miel se distingue por su sabor suave y floral, con notas distintivas de la fragancia caracter\u00edstica de la lavanda.\" \/>\n<meta property=\"og:url\" content=\"https:\/\/adalidapicola.com\/en\/product\/miel-lavanda\/\" \/>\n<meta property=\"og:site_name\" content=\"Adalid Ap\u00edcola\" \/>\n<meta property=\"article:modified_time\" content=\"2024-10-29T13:24:46+00:00\" \/>\n<meta property=\"og:image\" content=\"https:\/\/adalidapicola.com\/wp-content\/uploads\/2024\/10\/lavanda.png\" \/>\n\t<meta property=\"og:image:width\" content=\"934\" \/>\n\t<meta property=\"og:image:height\" content=\"1379\" \/>\n\t<meta property=\"og:image:type\" content=\"image\/png\" \/>\n<meta name=\"twitter:card\" content=\"summary_large_image\" \/>\n<script type=\"application\/ld+json\" class=\"yoast-schema-graph\">{\"@context\":\"https:\/\/schema.org\",\"@graph\":[{\"@type\":\"WebPage\",\"@id\":\"https:\/\/adalidapicola.com\/producto\/miel-lavanda\/\",\"url\":\"https:\/\/adalidapicola.com\/producto\/miel-lavanda\/\",\"name\":\"Miel de Lavanda - Adalid Ap\u00edcola\",\"isPartOf\":{\"@id\":\"https:\/\/adalidapicola.com\/#website\"},\"primaryImageOfPage\":{\"@id\":\"https:\/\/adalidapicola.com\/producto\/miel-lavanda\/#primaryimage\"},\"image\":{\"@id\":\"https:\/\/adalidapicola.com\/producto\/miel-lavanda\/#primaryimage\"},\"thumbnailUrl\":\"https:\/\/adalidapicola.com\/wp-content\/uploads\/2024\/10\/lavanda.png\",\"datePublished\":\"2024-01-24T04:44:50+00:00\",\"dateModified\":\"2024-10-29T13:24:46+00:00\",\"breadcrumb\":{\"@id\":\"https:\/\/adalidapicola.com\/producto\/miel-lavanda\/#breadcrumb\"},\"inLanguage\":\"en-US\",\"potentialAction\":[{\"@type\":\"ReadAction\",\"target\":[\"https:\/\/adalidapicola.com\/producto\/miel-lavanda\/\"]}]},{\"@type\":\"ImageObject\",\"inLanguage\":\"en-US\",\"@id\":\"https:\/\/adalidapicola.com\/producto\/miel-lavanda\/#primaryimage\",\"url\":\"https:\/\/adalidapicola.com\/wp-content\/uploads\/2024\/10\/lavanda.png\",\"contentUrl\":\"https:\/\/adalidapicola.com\/wp-content\/uploads\/2024\/10\/lavanda.png\",\"width\":934,\"height\":1379},{\"@type\":\"BreadcrumbList\",\"@id\":\"https:\/\/adalidapicola.com\/producto\/miel-lavanda\/#breadcrumb\",\"itemListElement\":[{\"@type\":\"ListItem\",\"position\":1,\"name\":\"Portada\",\"item\":\"https:\/\/adalidapicola.com\/\"},{\"@type\":\"ListItem\",\"position\":2,\"name\":\"Tienda\",\"item\":\"https:\/\/adalidapicola.com\/tienda\/\"},{\"@type\":\"ListItem\",\"position\":3,\"name\":\"Miel de Lavanda\"}]},{\"@type\":\"WebSite\",\"@id\":\"https:\/\/adalidapicola.com\/#website\",\"url\":\"https:\/\/adalidapicola.com\/\",\"name\":\"Adalid Ap\u00edcola\",\"description\":\"Apicultores de Guadalajara, divulgaci\u00f3n ap\u00edcola, venta de miel de calidad y enjambres de abejas. Api influencer\",\"publisher\":{\"@id\":\"https:\/\/adalidapicola.com\/#organization\"},\"potentialAction\":[{\"@type\":\"SearchAction\",\"target\":{\"@type\":\"EntryPoint\",\"urlTemplate\":\"https:\/\/adalidapicola.com\/?s={search_term_string}\"},\"query-input\":{\"@type\":\"PropertyValueSpecification\",\"valueRequired\":true,\"valueName\":\"search_term_string\"}}],\"inLanguage\":\"en-US\"},{\"@type\":\"Organization\",\"@id\":\"https:\/\/adalidapicola.com\/#organization\",\"name\":\"Adalid Ap\u00edcola\",\"url\":\"https:\/\/adalidapicola.com\/\",\"logo\":{\"@type\":\"ImageObject\",\"inLanguage\":\"en-US\",\"@id\":\"https:\/\/adalidapicola.com\/#\/schema\/logo\/image\/\",\"url\":\"https:\/\/adalidapicola.com\/wp-content\/uploads\/2024\/01\/logo-pequeno-web.png\",\"contentUrl\":\"https:\/\/adalidapicola.com\/wp-content\/uploads\/2024\/01\/logo-pequeno-web.png\",\"width\":366,\"height\":417,\"caption\":\"Adalid Ap\u00edcola\"},\"image\":{\"@id\":\"https:\/\/adalidapicola.com\/#\/schema\/logo\/image\/\"}}]}<\/script>\n<!-- \/ Yoast SEO plugin. -->","yoast_head_json":{"title":"Miel de Lavanda - Adalid Ap\u00edcola","robots":{"index":"index","follow":"follow","max-snippet":"max-snippet:-1","max-image-preview":"max-image-preview:large","max-video-preview":"max-video-preview:-1"},"canonical":"https:\/\/adalidapicola.com\/en\/product\/miel-lavanda\/","og_locale":"en_US","og_type":"article","og_title":"Miel de Lavanda - Adalid Ap\u00edcola","og_description":"La miel de lavanda es un exquisito n\u00e9ctar producido por las abejas que polinizan las flores de lavanda. Esta miel se distingue por su sabor suave y floral, con notas distintivas de la fragancia caracter\u00edstica de la lavanda.","og_url":"https:\/\/adalidapicola.com\/en\/product\/miel-lavanda\/","og_site_name":"Adalid Ap\u00edcola","article_modified_time":"2024-10-29T13:24:46+00:00","og_image":[{"width":934,"height":1379,"url":"https:\/\/adalidapicola.com\/wp-content\/uploads\/2024\/10\/lavanda.png","type":"image\/png"}],"twitter_card":"summary_large_image","schema":{"@context":"https:\/\/schema.org","@graph":[{"@type":"WebPage","@id":"https:\/\/adalidapicola.com\/producto\/miel-lavanda\/","url":"https:\/\/adalidapicola.com\/producto\/miel-lavanda\/","name":"Miel de Lavanda - Adalid Ap\u00edcola","isPartOf":{"@id":"https:\/\/adalidapicola.com\/#website"},"primaryImageOfPage":{"@id":"https:\/\/adalidapicola.com\/producto\/miel-lavanda\/#primaryimage"},"image":{"@id":"https:\/\/adalidapicola.com\/producto\/miel-lavanda\/#primaryimage"},"thumbnailUrl":"https:\/\/adalidapicola.com\/wp-content\/uploads\/2024\/10\/lavanda.png","datePublished":"2024-01-24T04:44:50+00:00","dateModified":"2024-10-29T13:24:46+00:00","breadcrumb":{"@id":"https:\/\/adalidapicola.com\/producto\/miel-lavanda\/#breadcrumb"},"inLanguage":"en-US","potentialAction":[{"@type":"ReadAction","target":["https:\/\/adalidapicola.com\/producto\/miel-lavanda\/"]}]},{"@type":"ImageObject","inLanguage":"en-US","@id":"https:\/\/adalidapicola.com\/producto\/miel-lavanda\/#primaryimage","url":"https:\/\/adalidapicola.com\/wp-content\/uploads\/2024\/10\/lavanda.png","contentUrl":"https:\/\/adalidapicola.com\/wp-content\/uploads\/2024\/10\/lavanda.png","width":934,"height":1379},{"@type":"BreadcrumbList","@id":"https:\/\/adalidapicola.com\/producto\/miel-lavanda\/#breadcrumb","itemListElement":[{"@type":"ListItem","position":1,"name":"Portada","item":"https:\/\/adalidapicola.com\/"},{"@type":"ListItem","position":2,"name":"Tienda","item":"https:\/\/adalidapicola.com\/tienda\/"},{"@type":"ListItem","position":3,"name":"Miel de Lavanda"}]},{"@type":"WebSite","@id":"https:\/\/adalidapicola.com\/#website","url":"https:\/\/adalidapicola.com\/","name":"Adalid Ap\u00edcola","description":"Apicultores de Guadalajara, divulgaci\u00f3n ap\u00edcola, venta de miel de calidad y enjambres de abejas. Api influencer","publisher":{"@id":"https:\/\/adalidapicola.com\/#organization"},"potentialAction":[{"@type":"SearchAction","target":{"@type":"EntryPoint","urlTemplate":"https:\/\/adalidapicola.com\/?s={search_term_string}"},"query-input":{"@type":"PropertyValueSpecification","valueRequired":true,"valueName":"search_term_string"}}],"inLanguage":"en-US"},{"@type":"Organization","@id":"https:\/\/adalidapicola.com\/#organization","name":"Adalid Ap\u00edcola","url":"https:\/\/adalidapicola.com\/","logo":{"@type":"ImageObject","inLanguage":"en-US","@id":"https:\/\/adalidapicola.com\/#\/schema\/logo\/image\/","url":"https:\/\/adalidapicola.com\/wp-content\/uploads\/2024\/01\/logo-pequeno-web.png","contentUrl":"https:\/\/adalidapicola.com\/wp-content\/uploads\/2024\/01\/logo-pequeno-web.png","width":366,"height":417,"caption":"Adalid Ap\u00edcola"},"image":{"@id":"https:\/\/adalidapicola.com\/#\/schema\/logo\/image\/"}}]}},"_links":{"self":[{"href":"https:\/\/adalidapicola.com\/en\/wp-json\/wp\/v2\/product\/326","targetHints":{"allow":["GET"]}}],"collection":[{"href":"https:\/\/adalidapicola.com\/en\/wp-json\/wp\/v2\/product"}],"about":[{"href":"https:\/\/adalidapicola.com\/en\/wp-json\/wp\/v2\/types\/product"}],"replies":[{"embeddable":true,"href":"https:\/\/adalidapicola.com\/en\/wp-json\/wp\/v2\/comments?post=326"}],"wp:featuredmedia":[{"embeddable":true,"href":"https:\/\/adalidapicola.com\/en\/wp-json\/wp\/v2\/media\/696"}],"wp:attachment":[{"href":"https:\/\/adalidapicola.com\/en\/wp-json\/wp\/v2\/media?parent=326"}],"wp:term":[{"taxonomy":"product_brand","embeddable":true,"href":"https:\/\/adalidapicola.com\/en\/wp-json\/wp\/v2\/product_brand?post=326"},{"taxonomy":"product_cat","embeddable":true,"href":"https:\/\/adalidapicola.com\/en\/wp-json\/wp\/v2\/product_cat?post=326"},{"taxonomy":"product_tag","embeddable":true,"href":"https:\/\/adalidapicola.com\/en\/wp-json\/wp\/v2\/product_tag?post=326"}],"curies":[{"name":"wp","href":"https:\/\/api.w.org\/{rel}","templated":true}]}}