{"id":672,"date":"2024-10-29T12:13:58","date_gmt":"2024-10-29T11:13:58","guid":{"rendered":"https:\/\/adalidapicola.com\/?post_type=product&#038;p=672"},"modified":"2024-10-29T16:06:04","modified_gmt":"2024-10-29T15:06:04","slug":"miel-de-anis","status":"publish","type":"product","link":"https:\/\/adalidapicola.com\/en\/product\/miel-de-anis\/","title":{"rendered":"Miel de An\u00eds"},"content":{"rendered":"<p>Miel de color ambar rojizo, procede de la floraci\u00f3n del an\u00eds, de aroma que recuerda a la planta y sabor dulce y un poco astringente con un sabor final a an\u00eds.<\/p>\n<p>Agotada la cosecha de 2024, disponible para la pr\u00f3xima campa\u00f1a<\/p>","protected":false},"excerpt":{"rendered":"<p>Miel de color ambar rojizo, procede de la floraci\u00f3n del an\u00eds, de aroma que recuerda a la planta y sabor dulce y un poco astringente con un sabor final a an\u00eds. Agotada la cosecha de 2024, disponible para la pr\u00f3xima campa\u00f1a<\/p>","protected":false},"featured_media":675,"comment_status":"open","ping_status":"closed","template":"","meta":{"_monsterinsights_skip_tracking":false,"_monsterinsights_sitenote_active":false,"_monsterinsights_sitenote_note":"","_monsterinsights_sitenote_category":0},"product_brand":[],"product_cat":[20],"product_tag":[],"class_list":{"0":"post-672","1":"product","2":"type-product","3":"status-publish","4":"has-post-thumbnail","6":"product_cat-sin-categorizar","8":"first","9":"outofstock","10":"taxable","11":"shipping-taxable","12":"purchasable","13":"product-type-simple"},"yoast_head":"<!-- This site is optimized with the Yoast SEO plugin v25.3.1 - https:\/\/yoast.com\/wordpress\/plugins\/seo\/ -->\n<title>Miel de An\u00eds - Adalid Ap\u00edcola<\/title>\n<meta name=\"robots\" content=\"index, follow, max-snippet:-1, max-image-preview:large, max-video-preview:-1\" \/>\n<link rel=\"canonical\" href=\"https:\/\/adalidapicola.com\/en\/product\/miel-de-anis\/\" \/>\n<meta property=\"og:locale\" content=\"en_US\" \/>\n<meta property=\"og:type\" content=\"article\" \/>\n<meta property=\"og:title\" content=\"Miel de An\u00eds - Adalid Ap\u00edcola\" \/>\n<meta property=\"og:description\" content=\"Miel de color ambar rojizo, procede de la floraci\u00f3n del an\u00eds, de aroma que recuerda a la planta y sabor dulce y un poco astringente con un sabor final a an\u00eds. Agotada la cosecha de 2024, disponible para la pr\u00f3xima campa\u00f1a\" \/>\n<meta property=\"og:url\" content=\"https:\/\/adalidapicola.com\/en\/product\/miel-de-anis\/\" \/>\n<meta property=\"og:site_name\" content=\"Adalid Ap\u00edcola\" \/>\n<meta property=\"article:modified_time\" content=\"2024-10-29T15:06:04+00:00\" \/>\n<meta property=\"og:image\" content=\"https:\/\/adalidapicola.com\/wp-content\/uploads\/2024\/10\/Sujeto-1-642x1024.png\" \/>\n\t<meta property=\"og:image:width\" content=\"642\" \/>\n\t<meta property=\"og:image:height\" content=\"1024\" \/>\n\t<meta property=\"og:image:type\" content=\"image\/png\" \/>\n<meta name=\"twitter:card\" content=\"summary_large_image\" \/>\n<script type=\"application\/ld+json\" class=\"yoast-schema-graph\">{\"@context\":\"https:\/\/schema.org\",\"@graph\":[{\"@type\":\"WebPage\",\"@id\":\"https:\/\/adalidapicola.com\/producto\/miel-de-anis\/\",\"url\":\"https:\/\/adalidapicola.com\/producto\/miel-de-anis\/\",\"name\":\"Miel de An\u00eds - Adalid Ap\u00edcola\",\"isPartOf\":{\"@id\":\"https:\/\/adalidapicola.com\/#website\"},\"primaryImageOfPage\":{\"@id\":\"https:\/\/adalidapicola.com\/producto\/miel-de-anis\/#primaryimage\"},\"image\":{\"@id\":\"https:\/\/adalidapicola.com\/producto\/miel-de-anis\/#primaryimage\"},\"thumbnailUrl\":\"https:\/\/adalidapicola.com\/wp-content\/uploads\/2024\/10\/Sujeto-1-e1730214306868.png\",\"datePublished\":\"2024-10-29T11:13:58+00:00\",\"dateModified\":\"2024-10-29T15:06:04+00:00\",\"breadcrumb\":{\"@id\":\"https:\/\/adalidapicola.com\/producto\/miel-de-anis\/#breadcrumb\"},\"inLanguage\":\"en-US\",\"potentialAction\":[{\"@type\":\"ReadAction\",\"target\":[\"https:\/\/adalidapicola.com\/producto\/miel-de-anis\/\"]}]},{\"@type\":\"ImageObject\",\"inLanguage\":\"en-US\",\"@id\":\"https:\/\/adalidapicola.com\/producto\/miel-de-anis\/#primaryimage\",\"url\":\"https:\/\/adalidapicola.com\/wp-content\/uploads\/2024\/10\/Sujeto-1-e1730214306868.png\",\"contentUrl\":\"https:\/\/adalidapicola.com\/wp-content\/uploads\/2024\/10\/Sujeto-1-e1730214306868.png\",\"width\":100,\"height\":160},{\"@type\":\"BreadcrumbList\",\"@id\":\"https:\/\/adalidapicola.com\/producto\/miel-de-anis\/#breadcrumb\",\"itemListElement\":[{\"@type\":\"ListItem\",\"position\":1,\"name\":\"Portada\",\"item\":\"https:\/\/adalidapicola.com\/\"},{\"@type\":\"ListItem\",\"position\":2,\"name\":\"Tienda\",\"item\":\"https:\/\/adalidapicola.com\/tienda\/\"},{\"@type\":\"ListItem\",\"position\":3,\"name\":\"Miel de An\u00eds\"}]},{\"@type\":\"WebSite\",\"@id\":\"https:\/\/adalidapicola.com\/#website\",\"url\":\"https:\/\/adalidapicola.com\/\",\"name\":\"Adalid Ap\u00edcola\",\"description\":\"Apicultores de Guadalajara, divulgaci\u00f3n ap\u00edcola, venta de miel de calidad y enjambres de abejas. Api influencer\",\"publisher\":{\"@id\":\"https:\/\/adalidapicola.com\/#organization\"},\"potentialAction\":[{\"@type\":\"SearchAction\",\"target\":{\"@type\":\"EntryPoint\",\"urlTemplate\":\"https:\/\/adalidapicola.com\/?s={search_term_string}\"},\"query-input\":{\"@type\":\"PropertyValueSpecification\",\"valueRequired\":true,\"valueName\":\"search_term_string\"}}],\"inLanguage\":\"en-US\"},{\"@type\":\"Organization\",\"@id\":\"https:\/\/adalidapicola.com\/#organization\",\"name\":\"Adalid Ap\u00edcola\",\"url\":\"https:\/\/adalidapicola.com\/\",\"logo\":{\"@type\":\"ImageObject\",\"inLanguage\":\"en-US\",\"@id\":\"https:\/\/adalidapicola.com\/#\/schema\/logo\/image\/\",\"url\":\"https:\/\/adalidapicola.com\/wp-content\/uploads\/2024\/01\/logo-pequeno-web.png\",\"contentUrl\":\"https:\/\/adalidapicola.com\/wp-content\/uploads\/2024\/01\/logo-pequeno-web.png\",\"width\":366,\"height\":417,\"caption\":\"Adalid Ap\u00edcola\"},\"image\":{\"@id\":\"https:\/\/adalidapicola.com\/#\/schema\/logo\/image\/\"}}]}<\/script>\n<!-- \/ Yoast SEO plugin. -->","yoast_head_json":{"title":"Miel de An\u00eds - Adalid Ap\u00edcola","robots":{"index":"index","follow":"follow","max-snippet":"max-snippet:-1","max-image-preview":"max-image-preview:large","max-video-preview":"max-video-preview:-1"},"canonical":"https:\/\/adalidapicola.com\/en\/product\/miel-de-anis\/","og_locale":"en_US","og_type":"article","og_title":"Miel de An\u00eds - Adalid Ap\u00edcola","og_description":"Miel de color ambar rojizo, procede de la floraci\u00f3n del an\u00eds, de aroma que recuerda a la planta y sabor dulce y un poco astringente con un sabor final a an\u00eds. Agotada la cosecha de 2024, disponible para la pr\u00f3xima campa\u00f1a","og_url":"https:\/\/adalidapicola.com\/en\/product\/miel-de-anis\/","og_site_name":"Adalid Ap\u00edcola","article_modified_time":"2024-10-29T15:06:04+00:00","og_image":[{"width":642,"height":1024,"url":"https:\/\/adalidapicola.com\/wp-content\/uploads\/2024\/10\/Sujeto-1-642x1024.png","type":"image\/png"}],"twitter_card":"summary_large_image","schema":{"@context":"https:\/\/schema.org","@graph":[{"@type":"WebPage","@id":"https:\/\/adalidapicola.com\/producto\/miel-de-anis\/","url":"https:\/\/adalidapicola.com\/producto\/miel-de-anis\/","name":"Miel de An\u00eds - Adalid Ap\u00edcola","isPartOf":{"@id":"https:\/\/adalidapicola.com\/#website"},"primaryImageOfPage":{"@id":"https:\/\/adalidapicola.com\/producto\/miel-de-anis\/#primaryimage"},"image":{"@id":"https:\/\/adalidapicola.com\/producto\/miel-de-anis\/#primaryimage"},"thumbnailUrl":"https:\/\/adalidapicola.com\/wp-content\/uploads\/2024\/10\/Sujeto-1-e1730214306868.png","datePublished":"2024-10-29T11:13:58+00:00","dateModified":"2024-10-29T15:06:04+00:00","breadcrumb":{"@id":"https:\/\/adalidapicola.com\/producto\/miel-de-anis\/#breadcrumb"},"inLanguage":"en-US","potentialAction":[{"@type":"ReadAction","target":["https:\/\/adalidapicola.com\/producto\/miel-de-anis\/"]}]},{"@type":"ImageObject","inLanguage":"en-US","@id":"https:\/\/adalidapicola.com\/producto\/miel-de-anis\/#primaryimage","url":"https:\/\/adalidapicola.com\/wp-content\/uploads\/2024\/10\/Sujeto-1-e1730214306868.png","contentUrl":"https:\/\/adalidapicola.com\/wp-content\/uploads\/2024\/10\/Sujeto-1-e1730214306868.png","width":100,"height":160},{"@type":"BreadcrumbList","@id":"https:\/\/adalidapicola.com\/producto\/miel-de-anis\/#breadcrumb","itemListElement":[{"@type":"ListItem","position":1,"name":"Portada","item":"https:\/\/adalidapicola.com\/"},{"@type":"ListItem","position":2,"name":"Tienda","item":"https:\/\/adalidapicola.com\/tienda\/"},{"@type":"ListItem","position":3,"name":"Miel de An\u00eds"}]},{"@type":"WebSite","@id":"https:\/\/adalidapicola.com\/#website","url":"https:\/\/adalidapicola.com\/","name":"Adalid Ap\u00edcola","description":"Apicultores de Guadalajara, divulgaci\u00f3n ap\u00edcola, venta de miel de calidad y enjambres de abejas. Api influencer","publisher":{"@id":"https:\/\/adalidapicola.com\/#organization"},"potentialAction":[{"@type":"SearchAction","target":{"@type":"EntryPoint","urlTemplate":"https:\/\/adalidapicola.com\/?s={search_term_string}"},"query-input":{"@type":"PropertyValueSpecification","valueRequired":true,"valueName":"search_term_string"}}],"inLanguage":"en-US"},{"@type":"Organization","@id":"https:\/\/adalidapicola.com\/#organization","name":"Adalid Ap\u00edcola","url":"https:\/\/adalidapicola.com\/","logo":{"@type":"ImageObject","inLanguage":"en-US","@id":"https:\/\/adalidapicola.com\/#\/schema\/logo\/image\/","url":"https:\/\/adalidapicola.com\/wp-content\/uploads\/2024\/01\/logo-pequeno-web.png","contentUrl":"https:\/\/adalidapicola.com\/wp-content\/uploads\/2024\/01\/logo-pequeno-web.png","width":366,"height":417,"caption":"Adalid Ap\u00edcola"},"image":{"@id":"https:\/\/adalidapicola.com\/#\/schema\/logo\/image\/"}}]}},"_links":{"self":[{"href":"https:\/\/adalidapicola.com\/en\/wp-json\/wp\/v2\/product\/672","targetHints":{"allow":["GET"]}}],"collection":[{"href":"https:\/\/adalidapicola.com\/en\/wp-json\/wp\/v2\/product"}],"about":[{"href":"https:\/\/adalidapicola.com\/en\/wp-json\/wp\/v2\/types\/product"}],"replies":[{"embeddable":true,"href":"https:\/\/adalidapicola.com\/en\/wp-json\/wp\/v2\/comments?post=672"}],"wp:featuredmedia":[{"embeddable":true,"href":"https:\/\/adalidapicola.com\/en\/wp-json\/wp\/v2\/media\/675"}],"wp:attachment":[{"href":"https:\/\/adalidapicola.com\/en\/wp-json\/wp\/v2\/media?parent=672"}],"wp:term":[{"taxonomy":"product_brand","embeddable":true,"href":"https:\/\/adalidapicola.com\/en\/wp-json\/wp\/v2\/product_brand?post=672"},{"taxonomy":"product_cat","embeddable":true,"href":"https:\/\/adalidapicola.com\/en\/wp-json\/wp\/v2\/product_cat?post=672"},{"taxonomy":"product_tag","embeddable":true,"href":"https:\/\/adalidapicola.com\/en\/wp-json\/wp\/v2\/product_tag?post=672"}],"curies":[{"name":"wp","href":"https:\/\/api.w.org\/{rel}","templated":true}]}}