{"id":674,"date":"2024-10-29T13:43:52","date_gmt":"2024-10-29T12:43:52","guid":{"rendered":"https:\/\/adalidapicola.com\/?post_type=product&#038;p=674"},"modified":"2024-10-29T16:02:04","modified_gmt":"2024-10-29T15:02:04","slug":"estuche-3-mieles","status":"publish","type":"product","link":"https:\/\/adalidapicola.com\/en\/product\/estuche-3-mieles\/","title":{"rendered":"Estuche 3 mieles"},"content":{"rendered":"<p>Lote con 3 tarros de las mieles m\u00e1s representativas de nuestras cosechas, envasado en tarros hexagonales de 350g y presentadas en un estuche. Para hacer el regalo perfecto, para llevar un detalle ideal a una reuni\u00f3n con familia o amigos y poder hacer una cata, o si no sabes por qu\u00e9 miel decidirte.<\/p>","protected":false},"excerpt":{"rendered":"<p>Lote con 3 tarros de las mieles m\u00e1s representativas de nuestras cosechas, envasado en tarros hexagonales de 350g y presentadas en un estuche. Para hacer el regalo perfecto, para llevar un detalle ideal a una reuni\u00f3n con familia o amigos y poder hacer una cata, o si no sabes por qu\u00e9 miel decidirte.<\/p>","protected":false},"featured_media":705,"comment_status":"open","ping_status":"closed","template":"","meta":{"_monsterinsights_skip_tracking":false,"_monsterinsights_sitenote_active":false,"_monsterinsights_sitenote_note":"","_monsterinsights_sitenote_category":0},"product_brand":[],"product_cat":[20],"product_tag":[],"class_list":{"0":"post-674","1":"product","2":"type-product","3":"status-publish","4":"has-post-thumbnail","6":"product_cat-sin-categorizar","8":"first","9":"instock","10":"taxable","11":"shipping-taxable","12":"purchasable","13":"product-type-simple"},"yoast_head":"<!-- This site is optimized with the Yoast SEO plugin v25.3.1 - https:\/\/yoast.com\/wordpress\/plugins\/seo\/ -->\n<title>Estuche 3 mieles - Adalid Ap\u00edcola<\/title>\n<meta name=\"robots\" content=\"index, follow, max-snippet:-1, max-image-preview:large, max-video-preview:-1\" \/>\n<link rel=\"canonical\" href=\"https:\/\/adalidapicola.com\/en\/product\/estuche-3-mieles\/\" \/>\n<meta property=\"og:locale\" content=\"en_US\" \/>\n<meta property=\"og:type\" content=\"article\" \/>\n<meta property=\"og:title\" content=\"Estuche 3 mieles - Adalid Ap\u00edcola\" \/>\n<meta property=\"og:description\" content=\"Lote con 3 tarros de las mieles m\u00e1s representativas de nuestras cosechas, envasado en tarros hexagonales de 350g y presentadas en un estuche. Para hacer el regalo perfecto, para llevar un detalle ideal a una reuni\u00f3n con familia o amigos y poder hacer una cata, o si no sabes por qu\u00e9 miel decidirte.\" \/>\n<meta property=\"og:url\" content=\"https:\/\/adalidapicola.com\/en\/product\/estuche-3-mieles\/\" \/>\n<meta property=\"og:site_name\" content=\"Adalid Ap\u00edcola\" \/>\n<meta property=\"article:modified_time\" content=\"2024-10-29T15:02:04+00:00\" \/>\n<meta property=\"og:image\" content=\"https:\/\/adalidapicola.com\/wp-content\/uploads\/2024\/10\/lote-mieles-recortado-1-scaled.jpg\" \/>\n\t<meta property=\"og:image:width\" content=\"2560\" \/>\n\t<meta property=\"og:image:height\" content=\"1673\" \/>\n\t<meta property=\"og:image:type\" content=\"image\/jpeg\" \/>\n<meta name=\"twitter:card\" content=\"summary_large_image\" \/>\n<script type=\"application\/ld+json\" class=\"yoast-schema-graph\">{\"@context\":\"https:\/\/schema.org\",\"@graph\":[{\"@type\":\"WebPage\",\"@id\":\"https:\/\/adalidapicola.com\/producto\/estuche-3-mieles\/\",\"url\":\"https:\/\/adalidapicola.com\/producto\/estuche-3-mieles\/\",\"name\":\"Estuche 3 mieles - Adalid Ap\u00edcola\",\"isPartOf\":{\"@id\":\"https:\/\/adalidapicola.com\/#website\"},\"primaryImageOfPage\":{\"@id\":\"https:\/\/adalidapicola.com\/producto\/estuche-3-mieles\/#primaryimage\"},\"image\":{\"@id\":\"https:\/\/adalidapicola.com\/producto\/estuche-3-mieles\/#primaryimage\"},\"thumbnailUrl\":\"https:\/\/adalidapicola.com\/wp-content\/uploads\/2024\/10\/lote-mieles-recortado-1-scaled.jpg\",\"datePublished\":\"2024-10-29T12:43:52+00:00\",\"dateModified\":\"2024-10-29T15:02:04+00:00\",\"breadcrumb\":{\"@id\":\"https:\/\/adalidapicola.com\/producto\/estuche-3-mieles\/#breadcrumb\"},\"inLanguage\":\"en-US\",\"potentialAction\":[{\"@type\":\"ReadAction\",\"target\":[\"https:\/\/adalidapicola.com\/producto\/estuche-3-mieles\/\"]}]},{\"@type\":\"ImageObject\",\"inLanguage\":\"en-US\",\"@id\":\"https:\/\/adalidapicola.com\/producto\/estuche-3-mieles\/#primaryimage\",\"url\":\"https:\/\/adalidapicola.com\/wp-content\/uploads\/2024\/10\/lote-mieles-recortado-1-scaled.jpg\",\"contentUrl\":\"https:\/\/adalidapicola.com\/wp-content\/uploads\/2024\/10\/lote-mieles-recortado-1-scaled.jpg\",\"width\":2560,\"height\":1673},{\"@type\":\"BreadcrumbList\",\"@id\":\"https:\/\/adalidapicola.com\/producto\/estuche-3-mieles\/#breadcrumb\",\"itemListElement\":[{\"@type\":\"ListItem\",\"position\":1,\"name\":\"Portada\",\"item\":\"https:\/\/adalidapicola.com\/\"},{\"@type\":\"ListItem\",\"position\":2,\"name\":\"Tienda\",\"item\":\"https:\/\/adalidapicola.com\/tienda\/\"},{\"@type\":\"ListItem\",\"position\":3,\"name\":\"Estuche 3 mieles\"}]},{\"@type\":\"WebSite\",\"@id\":\"https:\/\/adalidapicola.com\/#website\",\"url\":\"https:\/\/adalidapicola.com\/\",\"name\":\"Adalid Ap\u00edcola\",\"description\":\"Apicultores de Guadalajara, divulgaci\u00f3n ap\u00edcola, venta de miel de calidad y enjambres de abejas. Api influencer\",\"publisher\":{\"@id\":\"https:\/\/adalidapicola.com\/#organization\"},\"potentialAction\":[{\"@type\":\"SearchAction\",\"target\":{\"@type\":\"EntryPoint\",\"urlTemplate\":\"https:\/\/adalidapicola.com\/?s={search_term_string}\"},\"query-input\":{\"@type\":\"PropertyValueSpecification\",\"valueRequired\":true,\"valueName\":\"search_term_string\"}}],\"inLanguage\":\"en-US\"},{\"@type\":\"Organization\",\"@id\":\"https:\/\/adalidapicola.com\/#organization\",\"name\":\"Adalid Ap\u00edcola\",\"url\":\"https:\/\/adalidapicola.com\/\",\"logo\":{\"@type\":\"ImageObject\",\"inLanguage\":\"en-US\",\"@id\":\"https:\/\/adalidapicola.com\/#\/schema\/logo\/image\/\",\"url\":\"https:\/\/adalidapicola.com\/wp-content\/uploads\/2024\/01\/logo-pequeno-web.png\",\"contentUrl\":\"https:\/\/adalidapicola.com\/wp-content\/uploads\/2024\/01\/logo-pequeno-web.png\",\"width\":366,\"height\":417,\"caption\":\"Adalid Ap\u00edcola\"},\"image\":{\"@id\":\"https:\/\/adalidapicola.com\/#\/schema\/logo\/image\/\"}}]}<\/script>\n<!-- \/ Yoast SEO plugin. -->","yoast_head_json":{"title":"Estuche 3 mieles - Adalid Ap\u00edcola","robots":{"index":"index","follow":"follow","max-snippet":"max-snippet:-1","max-image-preview":"max-image-preview:large","max-video-preview":"max-video-preview:-1"},"canonical":"https:\/\/adalidapicola.com\/en\/product\/estuche-3-mieles\/","og_locale":"en_US","og_type":"article","og_title":"Estuche 3 mieles - Adalid Ap\u00edcola","og_description":"Lote con 3 tarros de las mieles m\u00e1s representativas de nuestras cosechas, envasado en tarros hexagonales de 350g y presentadas en un estuche. Para hacer el regalo perfecto, para llevar un detalle ideal a una reuni\u00f3n con familia o amigos y poder hacer una cata, o si no sabes por qu\u00e9 miel decidirte.","og_url":"https:\/\/adalidapicola.com\/en\/product\/estuche-3-mieles\/","og_site_name":"Adalid Ap\u00edcola","article_modified_time":"2024-10-29T15:02:04+00:00","og_image":[{"width":2560,"height":1673,"url":"https:\/\/adalidapicola.com\/wp-content\/uploads\/2024\/10\/lote-mieles-recortado-1-scaled.jpg","type":"image\/jpeg"}],"twitter_card":"summary_large_image","schema":{"@context":"https:\/\/schema.org","@graph":[{"@type":"WebPage","@id":"https:\/\/adalidapicola.com\/producto\/estuche-3-mieles\/","url":"https:\/\/adalidapicola.com\/producto\/estuche-3-mieles\/","name":"Estuche 3 mieles - Adalid Ap\u00edcola","isPartOf":{"@id":"https:\/\/adalidapicola.com\/#website"},"primaryImageOfPage":{"@id":"https:\/\/adalidapicola.com\/producto\/estuche-3-mieles\/#primaryimage"},"image":{"@id":"https:\/\/adalidapicola.com\/producto\/estuche-3-mieles\/#primaryimage"},"thumbnailUrl":"https:\/\/adalidapicola.com\/wp-content\/uploads\/2024\/10\/lote-mieles-recortado-1-scaled.jpg","datePublished":"2024-10-29T12:43:52+00:00","dateModified":"2024-10-29T15:02:04+00:00","breadcrumb":{"@id":"https:\/\/adalidapicola.com\/producto\/estuche-3-mieles\/#breadcrumb"},"inLanguage":"en-US","potentialAction":[{"@type":"ReadAction","target":["https:\/\/adalidapicola.com\/producto\/estuche-3-mieles\/"]}]},{"@type":"ImageObject","inLanguage":"en-US","@id":"https:\/\/adalidapicola.com\/producto\/estuche-3-mieles\/#primaryimage","url":"https:\/\/adalidapicola.com\/wp-content\/uploads\/2024\/10\/lote-mieles-recortado-1-scaled.jpg","contentUrl":"https:\/\/adalidapicola.com\/wp-content\/uploads\/2024\/10\/lote-mieles-recortado-1-scaled.jpg","width":2560,"height":1673},{"@type":"BreadcrumbList","@id":"https:\/\/adalidapicola.com\/producto\/estuche-3-mieles\/#breadcrumb","itemListElement":[{"@type":"ListItem","position":1,"name":"Portada","item":"https:\/\/adalidapicola.com\/"},{"@type":"ListItem","position":2,"name":"Tienda","item":"https:\/\/adalidapicola.com\/tienda\/"},{"@type":"ListItem","position":3,"name":"Estuche 3 mieles"}]},{"@type":"WebSite","@id":"https:\/\/adalidapicola.com\/#website","url":"https:\/\/adalidapicola.com\/","name":"Adalid Ap\u00edcola","description":"Apicultores de Guadalajara, divulgaci\u00f3n ap\u00edcola, venta de miel de calidad y enjambres de abejas. Api influencer","publisher":{"@id":"https:\/\/adalidapicola.com\/#organization"},"potentialAction":[{"@type":"SearchAction","target":{"@type":"EntryPoint","urlTemplate":"https:\/\/adalidapicola.com\/?s={search_term_string}"},"query-input":{"@type":"PropertyValueSpecification","valueRequired":true,"valueName":"search_term_string"}}],"inLanguage":"en-US"},{"@type":"Organization","@id":"https:\/\/adalidapicola.com\/#organization","name":"Adalid Ap\u00edcola","url":"https:\/\/adalidapicola.com\/","logo":{"@type":"ImageObject","inLanguage":"en-US","@id":"https:\/\/adalidapicola.com\/#\/schema\/logo\/image\/","url":"https:\/\/adalidapicola.com\/wp-content\/uploads\/2024\/01\/logo-pequeno-web.png","contentUrl":"https:\/\/adalidapicola.com\/wp-content\/uploads\/2024\/01\/logo-pequeno-web.png","width":366,"height":417,"caption":"Adalid Ap\u00edcola"},"image":{"@id":"https:\/\/adalidapicola.com\/#\/schema\/logo\/image\/"}}]}},"_links":{"self":[{"href":"https:\/\/adalidapicola.com\/en\/wp-json\/wp\/v2\/product\/674","targetHints":{"allow":["GET"]}}],"collection":[{"href":"https:\/\/adalidapicola.com\/en\/wp-json\/wp\/v2\/product"}],"about":[{"href":"https:\/\/adalidapicola.com\/en\/wp-json\/wp\/v2\/types\/product"}],"replies":[{"embeddable":true,"href":"https:\/\/adalidapicola.com\/en\/wp-json\/wp\/v2\/comments?post=674"}],"wp:featuredmedia":[{"embeddable":true,"href":"https:\/\/adalidapicola.com\/en\/wp-json\/wp\/v2\/media\/705"}],"wp:attachment":[{"href":"https:\/\/adalidapicola.com\/en\/wp-json\/wp\/v2\/media?parent=674"}],"wp:term":[{"taxonomy":"product_brand","embeddable":true,"href":"https:\/\/adalidapicola.com\/en\/wp-json\/wp\/v2\/product_brand?post=674"},{"taxonomy":"product_cat","embeddable":true,"href":"https:\/\/adalidapicola.com\/en\/wp-json\/wp\/v2\/product_cat?post=674"},{"taxonomy":"product_tag","embeddable":true,"href":"https:\/\/adalidapicola.com\/en\/wp-json\/wp\/v2\/product_tag?post=674"}],"curies":[{"name":"wp","href":"https:\/\/api.w.org\/{rel}","templated":true}]}}